{"id":1761,"date":"2017-10-24T17:04:08","date_gmt":"2017-10-24T16:04:08","guid":{"rendered":"http:\/\/stop-vivisection.be\/?page_id=1761"},"modified":"2017-10-24T17:34:05","modified_gmt":"2017-10-24T16:34:05","slug":"video-playlist-s-e-a-suppression-des-experiences-sur-lanimal","status":"publish","type":"page","link":"https:\/\/stop-vivisection.be\/index.php\/video-playlist-s-e-a-suppression-des-experiences-sur-lanimal\/","title":{"rendered":"Vid\u00e9o playlist S.E.A. Suppression des Exp\u00e9riences sur l&rsquo;animal."},"content":{"rendered":"<p><iframe title=\"S.E.A. Suppression des Exp\u00e9riences sur l&#039;Animal asbl. Belgium\" width=\"800\" height=\"450\" src=\"https:\/\/www.youtube.com\/embed\/videoseries?list=PLMNjJb1jquq2z_At6DZymW2RgoqQYQRaM\" frameborder=\"0\" allow=\"accelerometer; autoplay; encrypted-media; gyroscope; picture-in-picture\" allowfullscreen><\/iframe><\/p>\n<h2><strong>Objectifs de S.E.A<\/strong><\/h2>\n<div class=\"mbr-reviews__text\">\n<p><strong>L&rsquo;asbl S.E.A. Suppression des Exp\u00e9riences sur l&rsquo;Animal milite depuis\u00a0<span style=\"color: #ff0000;\">1985<\/span> en faveur d&rsquo;une science non violente bas\u00e9e sur des m\u00e9thodes modernes fiables ne recourant pas aux tests sur animaux.<\/strong><\/p>\n<p class=\"mbr-reviews__p\">Les m\u00e9thodes alternatives doivent \u00eatre utilis\u00e9es et des contr\u00f4les effectu\u00e9s dans les laboratoires.<\/p>\n<p class=\"mbr-reviews__p\"><strong>Les objectifs de S.E.A. sont de :<\/strong><\/p>\n<ul>\n<li class=\"mbr-reviews__p\">remplacer l&rsquo;exp\u00e9rimentation animale<\/li>\n<li class=\"mbr-reviews__p\">favoriser le d\u00e9veloppement des m\u00e9thodes substitutives et faire imposer leur utilisation<\/li>\n<\/ul>\n<p class=\"mbr-reviews__p\"><strong>Nous voulons:<\/strong><\/p>\n<ul>\n<li class=\"mbr-reviews__p\">que des contr\u00f4les r\u00e9guliers soient effectu\u00e9s dans les laboratoires et ce, sans avertissement pr\u00e9alable!<\/li>\n<li class=\"mbr-reviews__p\">que les politiciens relaient les pr\u00e9occupations des nombreux amis des animaux en Belgique et en Europe qui r\u00e9clament depuis des ann\u00e9es que l&rsquo;exp\u00e9rimentation animale ne soit pas consid\u00e9r\u00e9e comme un sujet mineur et fasse l&rsquo;objet de lois s\u00e9v\u00e8res imposant le recours aux alternatives.<\/li>\n<li class=\"mbr-reviews__p\">Qu&rsquo;\u00e0 terme l&rsquo;exp\u00e9rimentation animale soit purement et simplement interdite.<\/li>\n<\/ul>\n<\/div>\n<div class=\"pvc_clear\"><\/div>\n<p id=\"pvc_stats_1761\" class=\"pvc_stats all  \" data-element-id=\"1761\" style=\"\"><i class=\"pvc-stats-icon medium\" aria-hidden=\"true\"><svg aria-hidden=\"true\" focusable=\"false\" data-prefix=\"far\" data-icon=\"chart-bar\" role=\"img\" xmlns=\"http:\/\/www.w3.org\/2000\/svg\" viewBox=\"0 0 512 512\" class=\"svg-inline--fa fa-chart-bar fa-w-16 fa-2x\"><path fill=\"currentColor\" d=\"M396.8 352h22.4c6.4 0 12.8-6.4 12.8-12.8V108.8c0-6.4-6.4-12.8-12.8-12.8h-22.4c-6.4 0-12.8 6.4-12.8 12.8v230.4c0 6.4 6.4 12.8 12.8 12.8zm-192 0h22.4c6.4 0 12.8-6.4 12.8-12.8V140.8c0-6.4-6.4-12.8-12.8-12.8h-22.4c-6.4 0-12.8 6.4-12.8 12.8v198.4c0 6.4 6.4 12.8 12.8 12.8zm96 0h22.4c6.4 0 12.8-6.4 12.8-12.8V204.8c0-6.4-6.4-12.8-12.8-12.8h-22.4c-6.4 0-12.8 6.4-12.8 12.8v134.4c0 6.4 6.4 12.8 12.8 12.8zM496 400H48V80c0-8.84-7.16-16-16-16H16C7.16 64 0 71.16 0 80v336c0 17.67 14.33 32 32 32h464c8.84 0 16-7.16 16-16v-16c0-8.84-7.16-16-16-16zm-387.2-48h22.4c6.4 0 12.8-6.4 12.8-12.8v-70.4c0-6.4-6.4-12.8-12.8-12.8h-22.4c-6.4 0-12.8 6.4-12.8 12.8v70.4c0 6.4 6.4 12.8 12.8 12.8z\" class=\"\"><\/path><\/svg><\/i> <img decoding=\"async\" width=\"16\" height=\"16\" alt=\"Loading\" src=\"https:\/\/stop-vivisection.be\/wp-content\/plugins\/page-views-count\/ajax-loader-2x.gif\" border=0 \/><\/p>\n<div class=\"pvc_clear\"><\/div>\n","protected":false},"excerpt":{"rendered":"<p>Objectifs de S.E.A L&rsquo;asbl S.E.A. Suppression des Exp\u00e9riences sur l&rsquo;Animal milite depuis\u00a01985 en faveur d&rsquo;une science non violente bas\u00e9e sur<\/p>\n<div class=\"pvc_clear\"><\/div>\n<p id=\"pvc_stats_1761\" class=\"pvc_stats all  \" data-element-id=\"1761\" style=\"\"><i class=\"pvc-stats-icon medium\" aria-hidden=\"true\"><svg aria-hidden=\"true\" focusable=\"false\" data-prefix=\"far\" data-icon=\"chart-bar\" role=\"img\" xmlns=\"http:\/\/www.w3.org\/2000\/svg\" viewBox=\"0 0 512 512\" class=\"svg-inline--fa fa-chart-bar fa-w-16 fa-2x\"><path fill=\"currentColor\" d=\"M396.8 352h22.4c6.4 0 12.8-6.4 12.8-12.8V108.8c0-6.4-6.4-12.8-12.8-12.8h-22.4c-6.4 0-12.8 6.4-12.8 12.8v230.4c0 6.4 6.4 12.8 12.8 12.8zm-192 0h22.4c6.4 0 12.8-6.4 12.8-12.8V140.8c0-6.4-6.4-12.8-12.8-12.8h-22.4c-6.4 0-12.8 6.4-12.8 12.8v198.4c0 6.4 6.4 12.8 12.8 12.8zm96 0h22.4c6.4 0 12.8-6.4 12.8-12.8V204.8c0-6.4-6.4-12.8-12.8-12.8h-22.4c-6.4 0-12.8 6.4-12.8 12.8v134.4c0 6.4 6.4 12.8 12.8 12.8zM496 400H48V80c0-8.84-7.16-16-16-16H16C7.16 64 0 71.16 0 80v336c0 17.67 14.33 32 32 32h464c8.84 0 16-7.16 16-16v-16c0-8.84-7.16-16-16-16zm-387.2-48h22.4c6.4 0 12.8-6.4 12.8-12.8v-70.4c0-6.4-6.4-12.8-12.8-12.8h-22.4c-6.4 0-12.8 6.4-12.8 12.8v70.4c0 6.4 6.4 12.8 12.8 12.8z\" class=\"\"><\/path><\/svg><\/i> <img decoding=\"async\" width=\"16\" height=\"16\" alt=\"Loading\" src=\"https:\/\/stop-vivisection.be\/wp-content\/plugins\/page-views-count\/ajax-loader-2x.gif\" border=0 \/><\/p>\n<div class=\"pvc_clear\"><\/div>\n","protected":false},"author":3,"featured_media":1763,"parent":0,"menu_order":0,"comment_status":"closed","ping_status":"closed","template":"","meta":{"colormag_page_container_layout":"default_layout","colormag_page_sidebar_layout":"default_layout","footnotes":""},"class_list":["post-1761","page","type-page","status-publish","has-post-thumbnail","hentry"],"_links":{"self":[{"href":"https:\/\/stop-vivisection.be\/index.php\/wp-json\/wp\/v2\/pages\/1761"}],"collection":[{"href":"https:\/\/stop-vivisection.be\/index.php\/wp-json\/wp\/v2\/pages"}],"about":[{"href":"https:\/\/stop-vivisection.be\/index.php\/wp-json\/wp\/v2\/types\/page"}],"author":[{"embeddable":true,"href":"https:\/\/stop-vivisection.be\/index.php\/wp-json\/wp\/v2\/users\/3"}],"replies":[{"embeddable":true,"href":"https:\/\/stop-vivisection.be\/index.php\/wp-json\/wp\/v2\/comments?post=1761"}],"version-history":[{"count":4,"href":"https:\/\/stop-vivisection.be\/index.php\/wp-json\/wp\/v2\/pages\/1761\/revisions"}],"predecessor-version":[{"id":1767,"href":"https:\/\/stop-vivisection.be\/index.php\/wp-json\/wp\/v2\/pages\/1761\/revisions\/1767"}],"wp:featuredmedia":[{"embeddable":true,"href":"https:\/\/stop-vivisection.be\/index.php\/wp-json\/wp\/v2\/media\/1763"}],"wp:attachment":[{"href":"https:\/\/stop-vivisection.be\/index.php\/wp-json\/wp\/v2\/media?parent=1761"}],"curies":[{"name":"wp","href":"https:\/\/api.w.org\/{rel}","templated":true}]}}