{"id":2222,"date":"2018-03-27T20:25:21","date_gmt":"2018-03-27T19:25:21","guid":{"rendered":"http:\/\/stop-vivisection.be\/?page_id=2222"},"modified":"2020-10-07T20:22:46","modified_gmt":"2020-10-07T19:22:46","slug":"notre-equipe","status":"publish","type":"page","link":"https:\/\/stop-vivisection.be\/index.php\/notre-equipe\/","title":{"rendered":"Notre \u00e9quipe"},"content":{"rendered":"<p><img fetchpriority=\"high\" decoding=\"async\" class=\"wp-image-4147 aligncenter\" src=\"https:\/\/stop-vivisection.be\/wp-content\/uploads\/2020\/09\/SEA-Campagne-Metro-Bruxellois-01-scaled.jpg\" alt=\"\" width=\"626\" height=\"452\" srcset=\"https:\/\/stop-vivisection.be\/wp-content\/uploads\/2020\/09\/SEA-Campagne-Metro-Bruxellois-01-scaled.jpg 2560w, https:\/\/stop-vivisection.be\/wp-content\/uploads\/2020\/09\/SEA-Campagne-Metro-Bruxellois-01-300x217.jpg 300w, https:\/\/stop-vivisection.be\/wp-content\/uploads\/2020\/09\/SEA-Campagne-Metro-Bruxellois-01-1024x739.jpg 1024w, https:\/\/stop-vivisection.be\/wp-content\/uploads\/2020\/09\/SEA-Campagne-Metro-Bruxellois-01-1536x1109.jpg 1536w, https:\/\/stop-vivisection.be\/wp-content\/uploads\/2020\/09\/SEA-Campagne-Metro-Bruxellois-01-2048x1478.jpg 2048w\" sizes=\"(max-width: 626px) 100vw, 626px\" \/><\/p>\n<p>[amoteam max=\u00a0\u00bb50&Prime; categories=\u00a0\u00bb\u00a0\u00bb item-width=\u00a0\u00bb250&Prime; item-margin=\u00a0\u00bb20&Prime; full-width=\u00a0\u00bbyes\u00a0\u00bb panel=\u00a0\u00bbcenter\u00a0\u00bb]<\/p>\n<p>[amoteam_text title=\u00a0\u00bbN&rsquo;H\u00c9SITEZ PAS \u00c0 VISITER NOTRE PAGE FACEBOOK\u00a0\u00bb subtitle=\u00a0\u00bb\u00a0\u00bb]<a href=\"https:\/\/www.facebook.com\/Suppression-des-Exp%C3%A9riences-sur-lAnimal-asbl-374489719322381\/\" target=\"_blank\" rel=\"noopener noreferrer\">Suppression des Exp\u00e9riences sur l&rsquo;Animal asbl<\/a>[\/amoteam_text]<\/p>\n<p>L&rsquo;asbl S.E.A. (Suppression des Exp\u00e9riences sur l&rsquo;Animal) a pour objectif d&rsquo;abolir l&rsquo;exp\u00e9rimentation\u00a0 animal et de remplacer par des m\u00e9thodes alternatives (moyens : actions de sensibilisation aupr\u00e8s du public, manifestations, ect.)<\/p>\n<p>Tous unis pour les d\u00e9fendre.<\/p>\n<hr \/>\n<h1 class=\"p1\" style=\"text-align: center;\"><b>Campagne d\u2019affichage dans le m\u00e9tro bruxellois<\/b><\/h1>\n<p>&nbsp;<\/p>\n<p><img decoding=\"async\" class=\"wp-image-4147 alignleft\" src=\"https:\/\/stop-vivisection.be\/wp-content\/uploads\/2020\/09\/SEA-Campagne-Metro-Bruxellois-01-scaled.jpg\" alt=\"\" width=\"296\" height=\"214\" srcset=\"https:\/\/stop-vivisection.be\/wp-content\/uploads\/2020\/09\/SEA-Campagne-Metro-Bruxellois-01-scaled.jpg 2560w, https:\/\/stop-vivisection.be\/wp-content\/uploads\/2020\/09\/SEA-Campagne-Metro-Bruxellois-01-300x217.jpg 300w, https:\/\/stop-vivisection.be\/wp-content\/uploads\/2020\/09\/SEA-Campagne-Metro-Bruxellois-01-1024x739.jpg 1024w, https:\/\/stop-vivisection.be\/wp-content\/uploads\/2020\/09\/SEA-Campagne-Metro-Bruxellois-01-1536x1109.jpg 1536w, https:\/\/stop-vivisection.be\/wp-content\/uploads\/2020\/09\/SEA-Campagne-Metro-Bruxellois-01-2048x1478.jpg 2048w\" sizes=\"(max-width: 296px) 100vw, 296px\" \/>En ce moment, du <b>22 septembre au 19 octobre 2020, les affiches de S.E.A. sont pr\u00e9sentes dans 15 stations du m\u00e9tro bruxellois<\/b>. Cette campagne vise \u00e0 rappeler que ce n\u2019est pas en sacrifiant des animaux que l\u2019on gu\u00e9rira les \u00eatres humains.<\/p>\n<div>En ce moment, nous organisons \u00e9galement une campagne de p\u00e9titions\u00a0: <b>contre le financement de la recherche sur animaux par le<\/b> <b>FNRS<\/b> (qui b\u00e9n\u00e9ficie de l&rsquo;argent des\u00a0donateurs du T\u00e9l\u00e9vie),\u00a0 <b>en faveur de l&rsquo;ouverture d&rsquo;une commission d&rsquo;enqu\u00eate<\/b> sur la validit\u00e9 du mod\u00e8le animal, <b>contre le massacre des poulets<\/b> lors de la f\u00eate des Juifs ultra-orthodoxes Kapparot.<\/div>\n<div><\/div>\n<hr \/>\n<figure id=\"attachment_2211\" aria-describedby=\"caption-attachment-2211\" style=\"width: 300px\" class=\"wp-caption alignleft\"><img decoding=\"async\" class=\"wp-image-2211 size-medium\" src=\"http:\/\/stop-vivisection.be\/wp-content\/uploads\/2018\/03\/affiche-metro-site-sea-300x226.jpeg\" alt=\"\" width=\"300\" height=\"226\" srcset=\"https:\/\/stop-vivisection.be\/wp-content\/uploads\/2018\/03\/affiche-metro-site-sea-300x226.jpeg 300w, https:\/\/stop-vivisection.be\/wp-content\/uploads\/2018\/03\/affiche-metro-site-sea-1024x773.jpeg 1024w\" sizes=\"(max-width: 300px) 100vw, 300px\" \/><figcaption id=\"caption-attachment-2211\" class=\"wp-caption-text\">Merci \u00e0 David, fils d&rsquo;Yves Dalcq, pour la r\u00e9alisation de l&rsquo;affiche S.E.A.<\/figcaption><\/figure>\n<p class=\"p3\">Durant la premi\u00e8re quinzaine de mai 2018, les affiches de S.E.A. seront pr\u00e9sentes dans les stations du m\u00e9tro bruxellois. Cette campagne vise \u00e0 rappeler que ce n\u2019est pas en sacrifiant des animaux que l\u2019on gu\u00e9rira les \u00eatres humains. En ce moment, nous organisons \u00e9galement une campagne de p\u00e9titions\u00a0: contre l\u2019utilisation des animaux financ\u00e9e par T\u00e9l\u00e9vie ainsi que par le Fonds L\u00e9on Fr\u00e9d\u00e9ricq, contre le massacre des poulets lors de la f\u00eate des Juifs ultra-orthodoxes Kapparot.<\/p>\n<p class=\"p3\">N\u2019oubliez pas de visiter notre site\u00a0: <a href=\"http:\/\/www.stop-vivisection.be\" target=\"_blank\" rel=\"noopener noreferrer\"><span class=\"s1\"><b>www.stop-vivisection.be<\/b><\/span><\/a> pour signer nos <strong><a href=\"http:\/\/stop-vivisection.be\/index.php\/category\/petitions\/\">p\u00e9titions<\/a><\/strong> en faveur des animaux.<\/p>\n<p>&nbsp;<\/p>\n<p>&nbsp;<\/p>\n<p>&nbsp;<\/p>\n<hr \/>\n<h3 class=\"p1\"><strong>Cotisations.<\/strong><\/h3>\n<p class=\"p1\">Notre compte\u00a0: <b>BE59 0682 0310 8226<\/b><\/p>\n<p class=\"p1\">Membre adh\u00e9rent 15.00 \u20ac \/ Membre bienfaiteur 30.00 \u20ac \/ Membre protecteur 125.00 \u20ac<\/p>\n<p class=\"p1\">Membre d\u2019honneur<span class=\"Apple-converted-space\">\u00a0 <\/span>250.00 \u20ac \/ Membre \u00e0 vie<span class=\"Apple-converted-space\">\u00a0 <\/span>500.00 \u20ac<\/p>\n<hr \/>\n<p class=\"p1\">\n<div class=\"pvc_clear\"><\/div>\n<p id=\"pvc_stats_2222\" class=\"pvc_stats all  \" data-element-id=\"2222\" style=\"\"><i class=\"pvc-stats-icon medium\" aria-hidden=\"true\"><svg aria-hidden=\"true\" focusable=\"false\" data-prefix=\"far\" data-icon=\"chart-bar\" role=\"img\" xmlns=\"http:\/\/www.w3.org\/2000\/svg\" viewBox=\"0 0 512 512\" class=\"svg-inline--fa fa-chart-bar fa-w-16 fa-2x\"><path fill=\"currentColor\" d=\"M396.8 352h22.4c6.4 0 12.8-6.4 12.8-12.8V108.8c0-6.4-6.4-12.8-12.8-12.8h-22.4c-6.4 0-12.8 6.4-12.8 12.8v230.4c0 6.4 6.4 12.8 12.8 12.8zm-192 0h22.4c6.4 0 12.8-6.4 12.8-12.8V140.8c0-6.4-6.4-12.8-12.8-12.8h-22.4c-6.4 0-12.8 6.4-12.8 12.8v198.4c0 6.4 6.4 12.8 12.8 12.8zm96 0h22.4c6.4 0 12.8-6.4 12.8-12.8V204.8c0-6.4-6.4-12.8-12.8-12.8h-22.4c-6.4 0-12.8 6.4-12.8 12.8v134.4c0 6.4 6.4 12.8 12.8 12.8zM496 400H48V80c0-8.84-7.16-16-16-16H16C7.16 64 0 71.16 0 80v336c0 17.67 14.33 32 32 32h464c8.84 0 16-7.16 16-16v-16c0-8.84-7.16-16-16-16zm-387.2-48h22.4c6.4 0 12.8-6.4 12.8-12.8v-70.4c0-6.4-6.4-12.8-12.8-12.8h-22.4c-6.4 0-12.8 6.4-12.8 12.8v70.4c0 6.4 6.4 12.8 12.8 12.8z\" class=\"\"><\/path><\/svg><\/i> <img loading=\"lazy\" decoding=\"async\" width=\"16\" height=\"16\" alt=\"Loading\" src=\"https:\/\/stop-vivisection.be\/wp-content\/plugins\/page-views-count\/ajax-loader-2x.gif\" border=0 \/><\/p>\n<div class=\"pvc_clear\"><\/div>\n","protected":false},"excerpt":{"rendered":"<p>[amoteam max=\u00a0\u00bb50&Prime; categories=\u00a0\u00bb\u00a0\u00bb item-width=\u00a0\u00bb250&Prime; item-margin=\u00a0\u00bb20&Prime; full-width=\u00a0\u00bbyes\u00a0\u00bb panel=\u00a0\u00bbcenter\u00a0\u00bb] [amoteam_text title=\u00a0\u00bbN&rsquo;H\u00c9SITEZ PAS \u00c0 VISITER NOTRE PAGE FACEBOOK\u00a0\u00bb subtitle=\u00a0\u00bb\u00a0\u00bb]Suppression des Exp\u00e9riences sur l&rsquo;Animal<\/p>\n<div class=\"pvc_clear\"><\/div>\n<p id=\"pvc_stats_2222\" class=\"pvc_stats all  \" data-element-id=\"2222\" style=\"\"><i class=\"pvc-stats-icon medium\" aria-hidden=\"true\"><svg aria-hidden=\"true\" focusable=\"false\" data-prefix=\"far\" data-icon=\"chart-bar\" role=\"img\" xmlns=\"http:\/\/www.w3.org\/2000\/svg\" viewBox=\"0 0 512 512\" class=\"svg-inline--fa fa-chart-bar fa-w-16 fa-2x\"><path fill=\"currentColor\" d=\"M396.8 352h22.4c6.4 0 12.8-6.4 12.8-12.8V108.8c0-6.4-6.4-12.8-12.8-12.8h-22.4c-6.4 0-12.8 6.4-12.8 12.8v230.4c0 6.4 6.4 12.8 12.8 12.8zm-192 0h22.4c6.4 0 12.8-6.4 12.8-12.8V140.8c0-6.4-6.4-12.8-12.8-12.8h-22.4c-6.4 0-12.8 6.4-12.8 12.8v198.4c0 6.4 6.4 12.8 12.8 12.8zm96 0h22.4c6.4 0 12.8-6.4 12.8-12.8V204.8c0-6.4-6.4-12.8-12.8-12.8h-22.4c-6.4 0-12.8 6.4-12.8 12.8v134.4c0 6.4 6.4 12.8 12.8 12.8zM496 400H48V80c0-8.84-7.16-16-16-16H16C7.16 64 0 71.16 0 80v336c0 17.67 14.33 32 32 32h464c8.84 0 16-7.16 16-16v-16c0-8.84-7.16-16-16-16zm-387.2-48h22.4c6.4 0 12.8-6.4 12.8-12.8v-70.4c0-6.4-6.4-12.8-12.8-12.8h-22.4c-6.4 0-12.8 6.4-12.8 12.8v70.4c0 6.4 6.4 12.8 12.8 12.8z\" class=\"\"><\/path><\/svg><\/i> <img loading=\"lazy\" decoding=\"async\" width=\"16\" height=\"16\" alt=\"Loading\" src=\"https:\/\/stop-vivisection.be\/wp-content\/plugins\/page-views-count\/ajax-loader-2x.gif\" border=0 \/><\/p>\n<div class=\"pvc_clear\"><\/div>\n","protected":false},"author":3,"featured_media":0,"parent":0,"menu_order":0,"comment_status":"closed","ping_status":"closed","template":"","meta":{"colormag_page_container_layout":"no_sidebar_full_width","colormag_page_sidebar_layout":"no_sidebar","footnotes":""},"class_list":["post-2222","page","type-page","status-publish","hentry"],"_links":{"self":[{"href":"https:\/\/stop-vivisection.be\/index.php\/wp-json\/wp\/v2\/pages\/2222"}],"collection":[{"href":"https:\/\/stop-vivisection.be\/index.php\/wp-json\/wp\/v2\/pages"}],"about":[{"href":"https:\/\/stop-vivisection.be\/index.php\/wp-json\/wp\/v2\/types\/page"}],"author":[{"embeddable":true,"href":"https:\/\/stop-vivisection.be\/index.php\/wp-json\/wp\/v2\/users\/3"}],"replies":[{"embeddable":true,"href":"https:\/\/stop-vivisection.be\/index.php\/wp-json\/wp\/v2\/comments?post=2222"}],"version-history":[{"count":16,"href":"https:\/\/stop-vivisection.be\/index.php\/wp-json\/wp\/v2\/pages\/2222\/revisions"}],"predecessor-version":[{"id":4188,"href":"https:\/\/stop-vivisection.be\/index.php\/wp-json\/wp\/v2\/pages\/2222\/revisions\/4188"}],"wp:attachment":[{"href":"https:\/\/stop-vivisection.be\/index.php\/wp-json\/wp\/v2\/media?parent=2222"}],"curies":[{"name":"wp","href":"https:\/\/api.w.org\/{rel}","templated":true}]}}