{"id":2521,"date":"2018-05-23T11:14:12","date_gmt":"2018-05-23T10:14:12","guid":{"rendered":"http:\/\/stop-vivisection.be\/?page_id=2521"},"modified":"2023-01-08T12:18:52","modified_gmt":"2023-01-08T11:18:52","slug":"nos-tracts","status":"publish","type":"page","link":"https:\/\/stop-vivisection.be\/index.php\/nos-tracts\/","title":{"rendered":"Nos tracts"},"content":{"rendered":"<p>Les tracts et affiches les plus r\u00e9cents :<\/p>\n<p>&nbsp;<\/p>\n<p><a href=\"https:\/\/stop-vivisection.be\/wp-content\/uploads\/2023\/01\/AFFICHE-VIVRE-ET-LAISSER-VIVRE.pdf\">https:\/\/stop-vivisection.be\/wp-content\/uploads\/2023\/01\/AFFICHE-VIVRE-ET-LAISSER-VIVRE.pdf<\/a><\/p>\n<p><a href=\"https:\/\/stop-vivisection.be\/wp-content\/uploads\/2023\/01\/Animation-sur-le\u0301thique-animale-1.pdf\">https:\/\/stop-vivisection.be\/wp-content\/uploads\/2023\/01\/Animation-sur-le\u0301thique-animale-1.pdf<\/a><\/p>\n<p><a href=\"https:\/\/stop-vivisection.be\/wp-content\/uploads\/2023\/01\/animation-ecole-sea-v2-RED.jpg\">https:\/\/stop-vivisection.be\/wp-content\/uploads\/2023\/01\/animation-ecole-sea-v2-RED.jpg<\/a><\/p>\n<p><a href=\"https:\/\/stop-vivisection.be\/wp-content\/uploads\/2023\/01\/animaux-sea-2022-v2.pdf\">https:\/\/stop-vivisection.be\/wp-content\/uploads\/2023\/01\/animaux-sea-2022-v2.pdf<\/a><\/p>\n<p><a href=\"https:\/\/stop-vivisection.be\/wp-content\/uploads\/2023\/01\/tract-code-sur-les-oeufs.pdf\">https:\/\/stop-vivisection.be\/wp-content\/uploads\/2023\/01\/tract-code-sur-les-oeufs.pdf<\/a><\/p>\n<p><a href=\"https:\/\/stop-vivisection.be\/wp-content\/uploads\/2023\/01\/TRACT-A5-SEA-STATISTIQUES-2021-VERSION-CHAT-1.pdf\">https:\/\/stop-vivisection.be\/wp-content\/uploads\/2023\/01\/TRACT-A5-SEA-STATISTIQUES-2021-VERSION-CHAT-1.pdf<\/a><\/p>\n<h6>Tracts que vous pouvez t\u00e9l\u00e9charger si vous souhaitez faire une distribution dans votre r\u00e9gion.\u00a0N&rsquo;h\u00e9sitez pas !<\/h6>\n<hr \/>\n<p><img decoding=\"async\" class=\"alignleft wp-image-2529 size-thumbnail\" src=\"http:\/\/stop-vivisection.be\/wp-content\/uploads\/2018\/05\/livretsea-150x150.jpg\" alt=\"\" width=\"150\" height=\"150\" \/>[wpdm_package id=&rsquo;2520&prime;]<\/p>\n<hr \/>\n<p><img decoding=\"async\" class=\"wp-image-2530 size-thumbnail alignleft\" src=\"http:\/\/stop-vivisection.be\/wp-content\/uploads\/2018\/05\/triptiquesea-150x150.jpg\" alt=\"\" width=\"150\" height=\"150\" \/>[wpdm_package id=&rsquo;2524&prime;]<\/p>\n<hr \/>\n<p><img decoding=\"async\" class=\"alignleft wp-image-2541 size-thumbnail\" src=\"http:\/\/stop-vivisection.be\/wp-content\/uploads\/2018\/05\/la-vie-dune-poule-pondeuse-150x150.jpg\" alt=\"\" width=\"150\" height=\"150\" \/>[wpdm_package id=&rsquo;2539&prime;]<\/p>\n<hr \/>\n<p>&nbsp;<\/p>\n<div class=\"pvc_clear\"><\/div>\n<p id=\"pvc_stats_2521\" class=\"pvc_stats all  \" data-element-id=\"2521\" style=\"\"><i class=\"pvc-stats-icon medium\" aria-hidden=\"true\"><svg aria-hidden=\"true\" focusable=\"false\" data-prefix=\"far\" data-icon=\"chart-bar\" role=\"img\" xmlns=\"http:\/\/www.w3.org\/2000\/svg\" viewBox=\"0 0 512 512\" class=\"svg-inline--fa fa-chart-bar fa-w-16 fa-2x\"><path fill=\"currentColor\" d=\"M396.8 352h22.4c6.4 0 12.8-6.4 12.8-12.8V108.8c0-6.4-6.4-12.8-12.8-12.8h-22.4c-6.4 0-12.8 6.4-12.8 12.8v230.4c0 6.4 6.4 12.8 12.8 12.8zm-192 0h22.4c6.4 0 12.8-6.4 12.8-12.8V140.8c0-6.4-6.4-12.8-12.8-12.8h-22.4c-6.4 0-12.8 6.4-12.8 12.8v198.4c0 6.4 6.4 12.8 12.8 12.8zm96 0h22.4c6.4 0 12.8-6.4 12.8-12.8V204.8c0-6.4-6.4-12.8-12.8-12.8h-22.4c-6.4 0-12.8 6.4-12.8 12.8v134.4c0 6.4 6.4 12.8 12.8 12.8zM496 400H48V80c0-8.84-7.16-16-16-16H16C7.16 64 0 71.16 0 80v336c0 17.67 14.33 32 32 32h464c8.84 0 16-7.16 16-16v-16c0-8.84-7.16-16-16-16zm-387.2-48h22.4c6.4 0 12.8-6.4 12.8-12.8v-70.4c0-6.4-6.4-12.8-12.8-12.8h-22.4c-6.4 0-12.8 6.4-12.8 12.8v70.4c0 6.4 6.4 12.8 12.8 12.8z\" class=\"\"><\/path><\/svg><\/i> <img loading=\"lazy\" decoding=\"async\" width=\"16\" height=\"16\" alt=\"Loading\" src=\"https:\/\/stop-vivisection.be\/wp-content\/plugins\/page-views-count\/ajax-loader-2x.gif\" border=0 \/><\/p>\n<div class=\"pvc_clear\"><\/div>\n","protected":false},"excerpt":{"rendered":"<p>Les tracts et affiches les plus r\u00e9cents : &nbsp; https:\/\/stop-vivisection.be\/wp-content\/uploads\/2023\/01\/animation-ecole-sea-v2-RED.jpg Tracts que vous pouvez t\u00e9l\u00e9charger si vous souhaitez faire une<\/p>\n<div class=\"pvc_clear\"><\/div>\n<p id=\"pvc_stats_2521\" class=\"pvc_stats all  \" data-element-id=\"2521\" style=\"\"><i class=\"pvc-stats-icon medium\" aria-hidden=\"true\"><svg aria-hidden=\"true\" focusable=\"false\" data-prefix=\"far\" data-icon=\"chart-bar\" role=\"img\" xmlns=\"http:\/\/www.w3.org\/2000\/svg\" viewBox=\"0 0 512 512\" class=\"svg-inline--fa fa-chart-bar fa-w-16 fa-2x\"><path fill=\"currentColor\" d=\"M396.8 352h22.4c6.4 0 12.8-6.4 12.8-12.8V108.8c0-6.4-6.4-12.8-12.8-12.8h-22.4c-6.4 0-12.8 6.4-12.8 12.8v230.4c0 6.4 6.4 12.8 12.8 12.8zm-192 0h22.4c6.4 0 12.8-6.4 12.8-12.8V140.8c0-6.4-6.4-12.8-12.8-12.8h-22.4c-6.4 0-12.8 6.4-12.8 12.8v198.4c0 6.4 6.4 12.8 12.8 12.8zm96 0h22.4c6.4 0 12.8-6.4 12.8-12.8V204.8c0-6.4-6.4-12.8-12.8-12.8h-22.4c-6.4 0-12.8 6.4-12.8 12.8v134.4c0 6.4 6.4 12.8 12.8 12.8zM496 400H48V80c0-8.84-7.16-16-16-16H16C7.16 64 0 71.16 0 80v336c0 17.67 14.33 32 32 32h464c8.84 0 16-7.16 16-16v-16c0-8.84-7.16-16-16-16zm-387.2-48h22.4c6.4 0 12.8-6.4 12.8-12.8v-70.4c0-6.4-6.4-12.8-12.8-12.8h-22.4c-6.4 0-12.8 6.4-12.8 12.8v70.4c0 6.4 6.4 12.8 12.8 12.8z\" class=\"\"><\/path><\/svg><\/i> <img loading=\"lazy\" decoding=\"async\" width=\"16\" height=\"16\" alt=\"Loading\" src=\"https:\/\/stop-vivisection.be\/wp-content\/plugins\/page-views-count\/ajax-loader-2x.gif\" border=0 \/><\/p>\n<div class=\"pvc_clear\"><\/div>\n","protected":false},"author":3,"featured_media":0,"parent":0,"menu_order":0,"comment_status":"closed","ping_status":"closed","template":"","meta":{"colormag_page_container_layout":"default_layout","colormag_page_sidebar_layout":"default_layout","footnotes":""},"class_list":["post-2521","page","type-page","status-publish","hentry"],"_links":{"self":[{"href":"https:\/\/stop-vivisection.be\/index.php\/wp-json\/wp\/v2\/pages\/2521"}],"collection":[{"href":"https:\/\/stop-vivisection.be\/index.php\/wp-json\/wp\/v2\/pages"}],"about":[{"href":"https:\/\/stop-vivisection.be\/index.php\/wp-json\/wp\/v2\/types\/page"}],"author":[{"embeddable":true,"href":"https:\/\/stop-vivisection.be\/index.php\/wp-json\/wp\/v2\/users\/3"}],"replies":[{"embeddable":true,"href":"https:\/\/stop-vivisection.be\/index.php\/wp-json\/wp\/v2\/comments?post=2521"}],"version-history":[{"count":10,"href":"https:\/\/stop-vivisection.be\/index.php\/wp-json\/wp\/v2\/pages\/2521\/revisions"}],"predecessor-version":[{"id":5299,"href":"https:\/\/stop-vivisection.be\/index.php\/wp-json\/wp\/v2\/pages\/2521\/revisions\/5299"}],"wp:attachment":[{"href":"https:\/\/stop-vivisection.be\/index.php\/wp-json\/wp\/v2\/media?parent=2521"}],"curies":[{"name":"wp","href":"https:\/\/api.w.org\/{rel}","templated":true}]}}