{"id":2561,"date":"2018-07-02T08:29:43","date_gmt":"2018-07-02T07:29:43","guid":{"rendered":"http:\/\/stop-vivisection.be\/?page_id=2561"},"modified":"2020-08-01T13:27:05","modified_gmt":"2020-08-01T12:27:05","slug":"politiques-de-confidentialite","status":"publish","type":"page","link":"https:\/\/stop-vivisection.be\/index.php\/politiques-de-confidentialite\/","title":{"rendered":"Politiques de confidentialit\u00e9"},"content":{"rendered":"<p><img fetchpriority=\"high\" decoding=\"async\" class=\" wp-image-4060 aligncenter\" src=\"https:\/\/stop-vivisection.be\/wp-content\/uploads\/2020\/08\/confidentialite-donnees-photo-maxkabakov-fotolia.jpg\" alt=\"\" width=\"584\" height=\"344\" srcset=\"https:\/\/stop-vivisection.be\/wp-content\/uploads\/2020\/08\/confidentialite-donnees-photo-maxkabakov-fotolia.jpg 1200w, https:\/\/stop-vivisection.be\/wp-content\/uploads\/2020\/08\/confidentialite-donnees-photo-maxkabakov-fotolia-300x177.jpg 300w, https:\/\/stop-vivisection.be\/wp-content\/uploads\/2020\/08\/confidentialite-donnees-photo-maxkabakov-fotolia-1024x603.jpg 1024w\" sizes=\"(max-width: 584px) 100vw, 584px\" \/><\/p>\n<p><span style=\"color: #ff0000;\"><b>Protection de vos donn\u00e9es confidentielles<\/b><\/span><\/p>\n<p>Nous observons de strictes mesures de s\u00e9curit\u00e9 en ce qui a trait \u00e0 l\u2019archivage et \u00e0 la divulgation des informations que vous nous avez transmises, afin d\u2019\u00e9viter tout acc\u00e8s non autoris\u00e9. Si vous vous \u00eates inscrit \u00e0 notre liste d\u2019envoi.<\/p>\n<p><strong><span style=\"color: #ff0000;\">S.E.A.<\/span><\/strong> s\u2019engage \u00e0 ne pas divulguer ni commercialiser \u00e0 des tiers quelque information que ce soit vous concernant, sauf aux termes d\u2019une contrainte l\u00e9gale (par t\u00e9moignage en justice, interrogatoire ou autres obligations l\u00e9gales).<\/p>\n<p><span style=\"color: #ff0000;\"><b>Les fichiers t\u00e9moins (cookies)<\/b><\/span><\/p>\n<p><strong><span style=\"color: #ff0000;\">S.E.A.<\/span><\/strong> utilise les fichiers t\u00e9moins pour emmagasiner des informations sur les pr\u00e9f\u00e9rences des visiteurs, enregistrer des informations sp\u00e9cifiques sur le comportement de ceux-ci par rapport aux pages visit\u00e9es, personnaliser le contenu de certaines pages d\u00e9pendamment du navigateur ou de la plateforme utilis\u00e9e ou autre informations que le visiteur envoie via son navigateur web. La plupart des navigateurs acceptent automatiquement les t\u00e9moins. Cependant, vous pouvez les refuser en modifiant \u00ab Vos pr\u00e9f\u00e9rences \u00bb dans votre navigateur web pr\u00e9f\u00e9r\u00e9.<\/p>\n<p><span style=\"color: #ff0000;\"><b>Fichiers de logs<\/b><\/span><\/p>\n<p>Comme plusieurs sites web, <span style=\"color: #ff0000;\"><strong>S.E.A.<\/strong> <\/span>utilise les fichiers logs. Les informations des fichiers logs incluent les adresses IP, le type de navigateur, le fournisseur de service Internet (ISP), l\u2019heure et la date des visites, les pages d\u2019entr\u00e9es et les pages de sorties de votre visite, et nombre de clics pour analyser les tendances, administrer le site, analyser les mouvements de l\u2019utilisateur \u00e0 travers les pages et assembler des informations de localisation. Les adresses IP ou autre information de la sorte ne sont pas li\u00e9es \u00e0 aucune information qui permettrait de vous identifier personnellement.<\/p>\n<p><span style=\"color: #ff0000;\"><b>Modification ou suppression de vos donn\u00e9es<\/b><\/span><\/p>\n<p>\u00c0 tout moment, vous pouvez consulter, modifier ou demander de retirer toutes vos donn\u00e9es confidentielles en communiquant avec nous \u00e0 <span style=\"color: #ff0000;\"><strong>solange.tkint@gmail.com.<\/strong><\/span> et <span style=\"color: #ff0000;\"><strong>dalcq.yves@gmail.com<\/strong><\/span> Nous nous engagerons \u00e0 supprimer vos informations.<\/p>\n<div class=\"pvc_clear\"><\/div>\n<p id=\"pvc_stats_2561\" class=\"pvc_stats all  \" data-element-id=\"2561\" style=\"\"><i class=\"pvc-stats-icon medium\" aria-hidden=\"true\"><svg aria-hidden=\"true\" focusable=\"false\" data-prefix=\"far\" data-icon=\"chart-bar\" role=\"img\" xmlns=\"http:\/\/www.w3.org\/2000\/svg\" viewBox=\"0 0 512 512\" class=\"svg-inline--fa fa-chart-bar fa-w-16 fa-2x\"><path fill=\"currentColor\" d=\"M396.8 352h22.4c6.4 0 12.8-6.4 12.8-12.8V108.8c0-6.4-6.4-12.8-12.8-12.8h-22.4c-6.4 0-12.8 6.4-12.8 12.8v230.4c0 6.4 6.4 12.8 12.8 12.8zm-192 0h22.4c6.4 0 12.8-6.4 12.8-12.8V140.8c0-6.4-6.4-12.8-12.8-12.8h-22.4c-6.4 0-12.8 6.4-12.8 12.8v198.4c0 6.4 6.4 12.8 12.8 12.8zm96 0h22.4c6.4 0 12.8-6.4 12.8-12.8V204.8c0-6.4-6.4-12.8-12.8-12.8h-22.4c-6.4 0-12.8 6.4-12.8 12.8v134.4c0 6.4 6.4 12.8 12.8 12.8zM496 400H48V80c0-8.84-7.16-16-16-16H16C7.16 64 0 71.16 0 80v336c0 17.67 14.33 32 32 32h464c8.84 0 16-7.16 16-16v-16c0-8.84-7.16-16-16-16zm-387.2-48h22.4c6.4 0 12.8-6.4 12.8-12.8v-70.4c0-6.4-6.4-12.8-12.8-12.8h-22.4c-6.4 0-12.8 6.4-12.8 12.8v70.4c0 6.4 6.4 12.8 12.8 12.8z\" class=\"\"><\/path><\/svg><\/i> <img decoding=\"async\" width=\"16\" height=\"16\" alt=\"Loading\" src=\"https:\/\/stop-vivisection.be\/wp-content\/plugins\/page-views-count\/ajax-loader-2x.gif\" border=0 \/><\/p>\n<div class=\"pvc_clear\"><\/div>\n","protected":false},"excerpt":{"rendered":"<p>Protection de vos donn\u00e9es confidentielles Nous observons de strictes mesures de s\u00e9curit\u00e9 en ce qui a trait \u00e0 l\u2019archivage et<\/p>\n<div class=\"pvc_clear\"><\/div>\n<p id=\"pvc_stats_2561\" class=\"pvc_stats all  \" data-element-id=\"2561\" style=\"\"><i class=\"pvc-stats-icon medium\" aria-hidden=\"true\"><svg aria-hidden=\"true\" focusable=\"false\" data-prefix=\"far\" data-icon=\"chart-bar\" role=\"img\" xmlns=\"http:\/\/www.w3.org\/2000\/svg\" viewBox=\"0 0 512 512\" class=\"svg-inline--fa fa-chart-bar fa-w-16 fa-2x\"><path fill=\"currentColor\" d=\"M396.8 352h22.4c6.4 0 12.8-6.4 12.8-12.8V108.8c0-6.4-6.4-12.8-12.8-12.8h-22.4c-6.4 0-12.8 6.4-12.8 12.8v230.4c0 6.4 6.4 12.8 12.8 12.8zm-192 0h22.4c6.4 0 12.8-6.4 12.8-12.8V140.8c0-6.4-6.4-12.8-12.8-12.8h-22.4c-6.4 0-12.8 6.4-12.8 12.8v198.4c0 6.4 6.4 12.8 12.8 12.8zm96 0h22.4c6.4 0 12.8-6.4 12.8-12.8V204.8c0-6.4-6.4-12.8-12.8-12.8h-22.4c-6.4 0-12.8 6.4-12.8 12.8v134.4c0 6.4 6.4 12.8 12.8 12.8zM496 400H48V80c0-8.84-7.16-16-16-16H16C7.16 64 0 71.16 0 80v336c0 17.67 14.33 32 32 32h464c8.84 0 16-7.16 16-16v-16c0-8.84-7.16-16-16-16zm-387.2-48h22.4c6.4 0 12.8-6.4 12.8-12.8v-70.4c0-6.4-6.4-12.8-12.8-12.8h-22.4c-6.4 0-12.8 6.4-12.8 12.8v70.4c0 6.4 6.4 12.8 12.8 12.8z\" class=\"\"><\/path><\/svg><\/i> <img decoding=\"async\" width=\"16\" height=\"16\" alt=\"Loading\" src=\"https:\/\/stop-vivisection.be\/wp-content\/plugins\/page-views-count\/ajax-loader-2x.gif\" border=0 \/><\/p>\n<div class=\"pvc_clear\"><\/div>\n","protected":false},"author":3,"featured_media":0,"parent":0,"menu_order":0,"comment_status":"closed","ping_status":"closed","template":"","meta":{"colormag_page_container_layout":"default_layout","colormag_page_sidebar_layout":"default_layout","footnotes":""},"class_list":["post-2561","page","type-page","status-publish","hentry"],"_links":{"self":[{"href":"https:\/\/stop-vivisection.be\/index.php\/wp-json\/wp\/v2\/pages\/2561"}],"collection":[{"href":"https:\/\/stop-vivisection.be\/index.php\/wp-json\/wp\/v2\/pages"}],"about":[{"href":"https:\/\/stop-vivisection.be\/index.php\/wp-json\/wp\/v2\/types\/page"}],"author":[{"embeddable":true,"href":"https:\/\/stop-vivisection.be\/index.php\/wp-json\/wp\/v2\/users\/3"}],"replies":[{"embeddable":true,"href":"https:\/\/stop-vivisection.be\/index.php\/wp-json\/wp\/v2\/comments?post=2561"}],"version-history":[{"count":5,"href":"https:\/\/stop-vivisection.be\/index.php\/wp-json\/wp\/v2\/pages\/2561\/revisions"}],"predecessor-version":[{"id":4058,"href":"https:\/\/stop-vivisection.be\/index.php\/wp-json\/wp\/v2\/pages\/2561\/revisions\/4058"}],"wp:attachment":[{"href":"https:\/\/stop-vivisection.be\/index.php\/wp-json\/wp\/v2\/media?parent=2561"}],"curies":[{"name":"wp","href":"https:\/\/api.w.org\/{rel}","templated":true}]}}