{"id":2604,"date":"2018-07-25T12:49:24","date_gmt":"2018-07-25T11:49:24","guid":{"rendered":"http:\/\/stop-vivisection.be\/?page_id=2604"},"modified":"2018-07-25T13:29:27","modified_gmt":"2018-07-25T12:29:27","slug":"comment-signaler-la-maltraitance-ou-la-negligence-danimaux","status":"publish","type":"page","link":"https:\/\/stop-vivisection.be\/index.php\/comment-signaler-la-maltraitance-ou-la-negligence-danimaux\/","title":{"rendered":"COMMENT SIGNALER LA MALTRAITANCE OU LA NEGLIGENCE D\u2019ANIMAUX?"},"content":{"rendered":"<p>\u00cates-vous t\u00e9moin d\u2019une situation avec des animaux que vous percevez comme de la maltraitance ou de la n\u00e9gligence?<\/p>\n<p>Dans un premier temps, il convient de s\u2019assurer que la maltraitance ou la n\u00e9gligence est bien r\u00e9elle. Pour ce faire, il vous faudra conna\u00eetre les besoins de l\u2019animal concern\u00e9 ainsi que la l\u00e9gislation en la mati\u00e8re. Les \u00e9motions nous am\u00e8nent parfois \u00e0 avoir des r\u00e9actions h\u00e2tives. Il est important de se baser sur des faits concrets et de v\u00e9rifier ceux-ci.<br \/>\nDans un deuxi\u00e8me temps, il vous faut r\u00e9unir un maximum d\u2019informations sur le cas qui vous pr\u00e9occupe : o\u00f9 se situe pr\u00e9cis\u00e9ment l\u2019animal, quelle maltraitante\/n\u00e9gligence avez-vous observ\u00e9e, depuis combien de temps\u2026 Vous pouvez \u00e9galement prendre des photos tout en restant sur la voie publique. Il est strictement interdit de p\u00e9n\u00e9trer sur un terrain priv\u00e9. Toutes les informations r\u00e9unies serviront aux autorit\u00e9s comp\u00e9tentes.<\/p>\n<h4>1. Contactez votre refuge local et d\u00e9posez plainte \u00e0 la police<\/h4>\n<p>Vous trouverez les adresses des refuges et SPA de Belgique sur <a href=\"https:\/\/www.pagesdor.be\/\" target=\"_blank\" rel=\"noopener\">www.pagesdor.be<\/a> (rubrique \u00ab protection des animaux \u00bb). Une SPA peut habituellement envoyer un d\u00e9l\u00e9gu\u00e9 sur place. Celui-ci n\u2019est pas comp\u00e9tent pour saisir un animal ni dresser un proc\u00e8s-verbal. Vous devez pour cela avertir la police ou la cellule Bien-\u00eatre Animal de votre R\u00e9gion (voir \u00e9tape 2).<br \/>\nVous pouvez d\u00e9poser la plainte \u00e0 la police en collaboration avec le refuge ou la SPA local(e).<\/p>\n<h4>2. D\u00e9posez une plainte aupr\u00e8s de l\u2019unit\u00e9 Bien-\u00eatre animal de votre r\u00e9gion<\/h4>\n<p><strong>En Wallonie<\/strong> :<\/p>\n<ul>\n<li>Num\u00e9ro vert 1718<\/li>\n<li>via e-mail:\u00a0<a href=\"mailto:ubea.dgarne@spw.wallonie.be\">ubea.dgarne@spw.wallonie.be<\/a><\/li>\n<li>via ce formulaire de contact:<\/li>\n<\/ul>\n<p><strong>A Bruxelles<\/strong> :<\/p>\n<ul>\n<li>via ce formulaire de contact:\u00a0<a href=\"http:\/\/www.environnement.brussels\/forms\/formulaire-de-plainte-bien-etre-animal?view_pro=1&amp;view_school=1\" target=\"_blank\" rel=\"noopener\">http:\/\/www.environnement.brussels\/forms\/formulaire-de-plainte-bien-etre-animal?view_pro=1&amp;view_school=1<\/a><\/li>\n<\/ul>\n<p><strong>En Flandre<\/strong> :<\/p>\n<ul>\n<li>Num\u00e9ro vert 1700<\/li>\n<li>via e-mail:\u00a0<a href=\"mailto:dierenwelzijn@vlaanderen.be\">dierenwelzijn@vlaanderen.be<\/a><\/li>\n<li>via ce formulaire de contact:\u00a0<a href=\"http:\/\/www.lne.be\/themas\/dierenwelzijn\/meld-een-verwaarloosd-of-mishandeld-dier\" target=\"_blank\" rel=\"noopener\">http:\/\/www.lne.be\/themas\/dierenwelzijn\/meld-een-verwaarloosd-of-mishandeld-dier<\/a><\/li>\n<\/ul>\n<h4>3. Obtenez des conseils dans une boutique de droit<\/h4>\n<p>Vous h\u00e9sitez ou avez besoin de conseils juridiques ? Ou devant la gravit\u00e9 de la situation, vous d\u00e9sirez porter l\u2019affaire devant un tribunal, \u00e9ventuellement avec un comit\u00e9 de quartier ? Vous pouvez vous porter partie civile contre une personne responsable de maltraitance animale.<br \/>\nLes boutiques de droit mettent \u00e0 disposition des conseils utiles. Les adresses se trouvent dans l\u2019annuaire t\u00e9l\u00e9phonique ou surce site internet: \u00a0<a href=\"https:\/\/pro.guidesocial.be\/associations\/boutiques-droit-services-juridiques-1672.html\" target=\"_blank\" rel=\"noopener\">https:\/\/pro.guidesocial.be\/associations\/boutiques-droit-services-juridiques-1672.html<\/a><\/p>\n<h4>4. L\u2019union fait la force<\/h4>\n<p>Introduisez une plainte avec le plus de personnes possible. Souvent, les instances comp\u00e9tentes donnent peu de suite aux plaintes uniques. Si plusieurs plaintes sont d\u00e9pos\u00e9es sur une courte p\u00e9riode, une intervention rapide a plus de chances d\u2019aboutir. Dans le cas o\u00f9 les instances comp\u00e9tentes n\u2019interviennent pas, n\u2019h\u00e9sitez pas \u00e0 former un comit\u00e9 de quartier.<br \/>\nR\u00e9digez une p\u00e9tition et faites la circuler, avertissez la presse locale, faites appel \u00e0 un homme politique local.<br \/>\nInsistez jusqu\u2019\u00e0 ce que la maltraitance ou n\u00e9gligence animale cesse.<\/p>\n<h3>COMMENT SIGNALER UNE SITUATION OU DES ANIMAUX NE DISPOSENT PAS D\u2019UN ABRI OU UNE PROTECTION?<\/h3>\n<p>Vous \u00eates t\u00e9moin d\u2019une situation o\u00f9 des animaux se trouvant dehors ne disposent pas d\u2019abri contre les intemp\u00e9ries?<br \/>\nVoici ce qui est pr\u00e9vu dans la l\u00e9gislation:<\/p>\n<ul>\n<li><strong>Article 4, paragraphe 1 de la loi relative \u00e0 la protection et au bien-\u00eatre des animaux<\/strong> : <em>Toute personne qui d\u00e9tient un animal, qui en prend soin ou doit en prendre soin, doit prendre les mesures n\u00e9cessaires afin de procurer \u00e0 l\u2019animal une alimentation, des soins et un logement qui conviennent \u00e0 sa nature, \u00e0 ses besoins physiologiques et \u00e9thologiques, \u00e0 son \u00e9tat de sant\u00e9 et \u00e0 son degr\u00e9 de d\u00e9veloppement, d\u2019adaptation ou de domestication.<\/em><\/li>\n<li><strong>Paragraphe 3<\/strong>: <em>L\u2019\u00e9clairage, la temp\u00e9rature, le degr\u00e9 d\u2019humidit\u00e9, la ventilation, la circulation d\u2019air et les autres conditions ambiantes du logement des animaux doivent \u00eatre conformes aux besoins physiologiques et \u00e9thologiques de l\u2019esp\u00e8ce. Cette loi implique donc que toute personne qui prend soin d\u2019un animal doit lui procurer un abri en fonction des intemp\u00e9ries et de ses besoins sp\u00e9cifiques. Une \u00e9table ou \u00e9curie (ouverte), un mur suffisamment haut, une rang\u00e9e d\u2019arbres ou une haie haute et \u00e9paisse constituent d\u00e9j\u00e0 des formes d\u2019abris.<\/em><\/li>\n<\/ul>\n<h4>1. Discutez-en avec le propri\u00e9taire<\/h4>\n<p>Si vous connaissez le ou la propri\u00e9taire des animaux, essayez de lui conseiller ou de lui demander de mettre en place une protection suffisante. Soumettez-lui l\u2019article correspondant de loi relative au bien-\u00eatre animal. Une telle protection ne se r\u00e9v\u00e8le pas forc\u00e9ment co\u00fbteuse, mais doit simplement permettre aux animaux de se prot\u00e9ger du froid, de la pluie battante, de la gr\u00eale, du vent et du soleil.<\/p>\n<h4>2. Contactez un refuge local et la police<\/h4>\n<p>Si le propri\u00e9taire refuse de mettre en place un abri pour ses animaux, contactez un refuge ou une SPA local(e) (adresse sur <a href=\"https:\/\/www.pagesdor.be\/\" target=\"_blank\" rel=\"noopener\">www.pagesdor.be<\/a> rubrique \u00ab protection des animaux \u00bb). Les refuges ne peuvent en revanche saisir un animal ni dresser un proc\u00e8s-verbal, c\u2019est pourquoi il est \u00e9galement important d\u2019avertir la police.<\/p>\n<h4>3. D\u00e9posez un signalement aupr\u00e8s de l\u2019Unit\u00e9 Bien-\u00eatre animal de la R\u00e9gion wallonne<\/h4>\n<p>L\u2019unit\u00e9 bien-\u00eatre peut envoyer des inspecteurs sur place.<\/p>\n<ul>\n<li>T\u00e9l. 1718<\/li>\n<li>via e-mail:\u00a0<a href=\"mailto:ubea.dgarne@spw.wallonie.be\">ubea.dgarne@spw.wallonie.be<\/a><\/li>\n<li>via ce formulaire de contact:\u00a0<a href=\"http:\/\/bienetreanimal.wallonie.be\/home\/plaintes.html\" target=\"_blank\" rel=\"noopener\">http:\/\/bienetreanimal.wallonie.be\/home\/plaintes.html<\/a><\/li>\n<\/ul>\n<p>Vous pouvez aussi d\u00e9poser une plainte aupr\u00e8s de l\u2019Agence F\u00e9d\u00e9rale pour la S\u00e9curit\u00e9 de la Cha\u00eene alimentaire (AFSCA), qui est comp\u00e9tente en mati\u00e8re de bien-\u00eatre des animaux de rente.<\/p>\n<ul>\n<li>via e-mail: <a href=\"mailto:pointdecontact@afsca.be\">pointdecontact@afsca.be<\/a><\/li>\n<li>T\u00e9l. au n\u00b0 vert 0800\/13 550<\/li>\n<\/ul>\n<h3>COMMENT SIGNALER UNE SITUATION AVEC UN CHAT OU UN CHIEN TOMBANT GRAVEMENT MALADE PEU APRES SON ACHAT?<\/h3>\n<h4>1. D\u00e9posez plainte aupr\u00e8s de la police et faites dresser un proc\u00e8s-verbal<\/h4>\n<p>Dans ce genre de cas, il est imp\u00e9ratif de d\u00e9poser une plainte, avec proc\u00e8s-verbal, aupr\u00e8s de la police. La plainte doit s\u2019accompagner d\u2019une preuve d\u2019achat et d\u2019une attestation du verdict du v\u00e9t\u00e9rinaire ayant examin\u00e9 l\u2019animal. Le commerce d\u2019animaux malades est un acte punissable.<br \/>\n<strong>Attention<\/strong>: Si le chiot ou le chaton est malheureusement d\u00e9c\u00e9d\u00e9 apr\u00e8s l\u2019achat et que vous retournez aupr\u00e8s du commer\u00e7ant\/\u00e9leveur par r\u00e9crimination, il se peut qu\u2019il vous propose en \u00ab compensation \u00bb un deuxi\u00e8me animal pour la moiti\u00e9 du prix. N\u2019acceptez jamais ce genre d\u2019offre : elle ne vise qu\u2019\u00e0 vous emp\u00eacher de porter plainte.<\/p>\n<h4>2. Informez DierAnimal via info@dieranimal.be<\/h4>\n<p>Nous ne pouvons intervenir dans les cas individuels, mais nous pouvons regrouper les plaintes concernant les \u00e9leveurs et les marchands d\u2019animaux, constituer des dossiers, et les envoyer aux autorit\u00e9s comp\u00e9tentes en demandant que des mesures soient prises.<\/p>\n<h4>3. Vous pouvez \u00e9galement \u00e9crire aux Ministres r\u00e9gionaux en charge du Bien-\u00eatre animal<\/h4>\n<p><strong>En Wallonie<\/strong>:<br \/>\nMonsieur Carlo Di Antonio<br \/>\nChauss\u00e9e de Louvain 2<br \/>\n5000 Namur<br \/>\nTel 081\/710310 \u2013 Fax 081\/710380<br \/>\n<a href=\"mailto:carlo.diantonio@gov.wallonie.be\">carlo.diantonio@gov.wallonie.be<\/a><\/p>\n<p><strong>A Bruxelles<\/strong>:<br \/>\nMadame Bianca Debaets<br \/>\nBotanic Building<br \/>\nBoulevard Saint-Lazare 10, 13th floor<br \/>\n1210 Brussels<br \/>\nTel 02\/5171333 \u2013 Fax 02\/5115083<br \/>\n<a href=\"mailto:info@debaets.irisnet.be\">info@debaets.irisnet.be<\/a><\/p>\n<p><strong>En Flandre<\/strong>:<br \/>\nMonsieur Ben Weyts<br \/>\nMartelaarsplein 7<br \/>\n1000 Brussel<br \/>\nTel 05\/5526600 \u2013 Fax 02\/5526601<br \/>\n<a href=\"mailto:kabinet.weyts@vlaanderen.be\">kabinet.weyts@vlaanderen.be<\/a><\/p>\n<h4>4. Vous pouvez d\u00e9poser une plainte aupr\u00e8s du magazine Test-Achats:<\/h4>\n<p>Test-Achats<br \/>\nRue de Hollande 13<br \/>\n1060 Bruxelles<br \/>\n02 542 32 11<br \/>\n<a href=\"mailto:membres@test-achats.be\">membres@test-achats.be<\/a><br \/>\nLe dossier doit comprendre : le num\u00e9ro du proc\u00e8s-verbal, une copie de l\u2019attestation du v\u00e9t\u00e9rinaire, une copie de la preuve d\u2019achat. Indiquez clairement le nom et l\u2019adresse de l\u2019exploitation dont il est question. Le service Bien-\u00eatre animal du SPF Sant\u00e9 Publique est l\u2019administration du (de la) ministre en charge des questions relatives au bien-\u00eatre animal. Ce service peut envoyer des inspecteurs sur place et d\u00e9cider si un exploitant peut conserver son agr\u00e9ment.<\/p>\n<h3>BON A SAVOIR<\/h3>\n<p>Sachez enfin qu\u2019un refuge ou une association n\u2019a pas le pouvoir de dresser un proc\u00e8s-verbal ou de saisir un animal maltrait\u00e9. Il ne pourra le faire que sur ordre des seules autorit\u00e9s comp\u00e9tentes: le Parquet, le Service Bien-\u00eatre animal du SPW ou encore l\u2019Agence F\u00e9d\u00e9rale pour la S\u00e9curit\u00e9 de la Cha\u00eene Alimentaire (AFSCA). Il est humain de se sentir plus \u00e0 l\u2019aise de contacter un refuge ou une association plut\u00f4t qu\u2019un service de police pour signaler une maltraitance. Sachez toutefois que les refuges sont g\u00e9n\u00e9ralement d\u00e9bord\u00e9s et, malgr\u00e9 toute leur bonne volont\u00e9, ne sont pas toujours en mesure de traiter toutes les plaintes dans un d\u00e9lai raisonnable. Prenez donc d\u00e9j\u00e0 les devants en suivant les quelques conseils ci-dessus.<\/p>\n<p>\u200bIl faut \u00e9galement \u00eatre conscient que, m\u00eame si parfois les r\u00e9seaux sociaux peuvent faire des miracles, ils peuvent aussi \u00eatre source de probl\u00e8mes bien plus cons\u00e9quents avec le propri\u00e9taire de l\u2019animal concern\u00e9. Parfois, en pensant bien faire et en alertant la terre enti\u00e8re, on fait pire que mieux.<br \/>\n\u200b<br \/>\nChaque cas est \u00e0 traiter avec beaucoup de pr\u00e9caution, pour le bien-\u00eatre de l\u2019animal.<\/p>\n<p>Source : DierAnimal<\/p>\n<div class=\"pvc_clear\"><\/div>\n<p id=\"pvc_stats_2604\" class=\"pvc_stats all  \" data-element-id=\"2604\" style=\"\"><i class=\"pvc-stats-icon medium\" aria-hidden=\"true\"><svg aria-hidden=\"true\" focusable=\"false\" data-prefix=\"far\" data-icon=\"chart-bar\" role=\"img\" xmlns=\"http:\/\/www.w3.org\/2000\/svg\" viewBox=\"0 0 512 512\" class=\"svg-inline--fa fa-chart-bar fa-w-16 fa-2x\"><path fill=\"currentColor\" d=\"M396.8 352h22.4c6.4 0 12.8-6.4 12.8-12.8V108.8c0-6.4-6.4-12.8-12.8-12.8h-22.4c-6.4 0-12.8 6.4-12.8 12.8v230.4c0 6.4 6.4 12.8 12.8 12.8zm-192 0h22.4c6.4 0 12.8-6.4 12.8-12.8V140.8c0-6.4-6.4-12.8-12.8-12.8h-22.4c-6.4 0-12.8 6.4-12.8 12.8v198.4c0 6.4 6.4 12.8 12.8 12.8zm96 0h22.4c6.4 0 12.8-6.4 12.8-12.8V204.8c0-6.4-6.4-12.8-12.8-12.8h-22.4c-6.4 0-12.8 6.4-12.8 12.8v134.4c0 6.4 6.4 12.8 12.8 12.8zM496 400H48V80c0-8.84-7.16-16-16-16H16C7.16 64 0 71.16 0 80v336c0 17.67 14.33 32 32 32h464c8.84 0 16-7.16 16-16v-16c0-8.84-7.16-16-16-16zm-387.2-48h22.4c6.4 0 12.8-6.4 12.8-12.8v-70.4c0-6.4-6.4-12.8-12.8-12.8h-22.4c-6.4 0-12.8 6.4-12.8 12.8v70.4c0 6.4 6.4 12.8 12.8 12.8z\" class=\"\"><\/path><\/svg><\/i> <img decoding=\"async\" width=\"16\" height=\"16\" alt=\"Loading\" src=\"https:\/\/stop-vivisection.be\/wp-content\/plugins\/page-views-count\/ajax-loader-2x.gif\" border=0 \/><\/p>\n<div class=\"pvc_clear\"><\/div>\n","protected":false},"excerpt":{"rendered":"<p>\u00cates-vous t\u00e9moin d\u2019une situation avec des animaux que vous percevez comme de la maltraitance ou de la n\u00e9gligence? Dans un<\/p>\n<div class=\"pvc_clear\"><\/div>\n<p id=\"pvc_stats_2604\" class=\"pvc_stats all  \" data-element-id=\"2604\" style=\"\"><i class=\"pvc-stats-icon medium\" aria-hidden=\"true\"><svg aria-hidden=\"true\" focusable=\"false\" data-prefix=\"far\" data-icon=\"chart-bar\" role=\"img\" xmlns=\"http:\/\/www.w3.org\/2000\/svg\" viewBox=\"0 0 512 512\" class=\"svg-inline--fa fa-chart-bar fa-w-16 fa-2x\"><path fill=\"currentColor\" d=\"M396.8 352h22.4c6.4 0 12.8-6.4 12.8-12.8V108.8c0-6.4-6.4-12.8-12.8-12.8h-22.4c-6.4 0-12.8 6.4-12.8 12.8v230.4c0 6.4 6.4 12.8 12.8 12.8zm-192 0h22.4c6.4 0 12.8-6.4 12.8-12.8V140.8c0-6.4-6.4-12.8-12.8-12.8h-22.4c-6.4 0-12.8 6.4-12.8 12.8v198.4c0 6.4 6.4 12.8 12.8 12.8zm96 0h22.4c6.4 0 12.8-6.4 12.8-12.8V204.8c0-6.4-6.4-12.8-12.8-12.8h-22.4c-6.4 0-12.8 6.4-12.8 12.8v134.4c0 6.4 6.4 12.8 12.8 12.8zM496 400H48V80c0-8.84-7.16-16-16-16H16C7.16 64 0 71.16 0 80v336c0 17.67 14.33 32 32 32h464c8.84 0 16-7.16 16-16v-16c0-8.84-7.16-16-16-16zm-387.2-48h22.4c6.4 0 12.8-6.4 12.8-12.8v-70.4c0-6.4-6.4-12.8-12.8-12.8h-22.4c-6.4 0-12.8 6.4-12.8 12.8v70.4c0 6.4 6.4 12.8 12.8 12.8z\" class=\"\"><\/path><\/svg><\/i> <img decoding=\"async\" width=\"16\" height=\"16\" alt=\"Loading\" src=\"https:\/\/stop-vivisection.be\/wp-content\/plugins\/page-views-count\/ajax-loader-2x.gif\" border=0 \/><\/p>\n<div class=\"pvc_clear\"><\/div>\n","protected":false},"author":3,"featured_media":0,"parent":0,"menu_order":0,"comment_status":"closed","ping_status":"closed","template":"","meta":{"colormag_page_container_layout":"default_layout","colormag_page_sidebar_layout":"default_layout","footnotes":""},"class_list":["post-2604","page","type-page","status-publish","hentry"],"_links":{"self":[{"href":"https:\/\/stop-vivisection.be\/index.php\/wp-json\/wp\/v2\/pages\/2604"}],"collection":[{"href":"https:\/\/stop-vivisection.be\/index.php\/wp-json\/wp\/v2\/pages"}],"about":[{"href":"https:\/\/stop-vivisection.be\/index.php\/wp-json\/wp\/v2\/types\/page"}],"author":[{"embeddable":true,"href":"https:\/\/stop-vivisection.be\/index.php\/wp-json\/wp\/v2\/users\/3"}],"replies":[{"embeddable":true,"href":"https:\/\/stop-vivisection.be\/index.php\/wp-json\/wp\/v2\/comments?post=2604"}],"version-history":[{"count":2,"href":"https:\/\/stop-vivisection.be\/index.php\/wp-json\/wp\/v2\/pages\/2604\/revisions"}],"predecessor-version":[{"id":2607,"href":"https:\/\/stop-vivisection.be\/index.php\/wp-json\/wp\/v2\/pages\/2604\/revisions\/2607"}],"wp:attachment":[{"href":"https:\/\/stop-vivisection.be\/index.php\/wp-json\/wp\/v2\/media?parent=2604"}],"curies":[{"name":"wp","href":"https:\/\/api.w.org\/{rel}","templated":true}]}}