{"id":3498,"date":"2019-07-16T07:56:14","date_gmt":"2019-07-16T06:56:14","guid":{"rendered":"https:\/\/stop-vivisection.be\/?page_id=3498"},"modified":"2019-09-27T14:23:14","modified_gmt":"2019-09-27T13:23:14","slug":"demande-dune-commission-denquete-au-parlement-federal","status":"publish","type":"page","link":"https:\/\/stop-vivisection.be\/index.php\/demande-dune-commission-denquete-au-parlement-federal\/","title":{"rendered":"Demande d\u2019une commission d\u2019enqu\u00eate au parlement f\u00e9d\u00e9ral."},"content":{"rendered":"<p><img fetchpriority=\"high\" decoding=\"async\" class=\"alignnone size-full wp-image-3631\" src=\"https:\/\/stop-vivisection.be\/wp-content\/uploads\/2019\/09\/p\u00e9tition-sea2.jpg\" alt=\"\" width=\"1754\" height=\"888\" srcset=\"https:\/\/stop-vivisection.be\/wp-content\/uploads\/2019\/09\/p\u00e9tition-sea2.jpg 1754w, https:\/\/stop-vivisection.be\/wp-content\/uploads\/2019\/09\/p\u00e9tition-sea2-300x152.jpg 300w, https:\/\/stop-vivisection.be\/wp-content\/uploads\/2019\/09\/p\u00e9tition-sea2-1024x518.jpg 1024w\" sizes=\"(max-width: 1754px) 100vw, 1754px\" \/><\/p>\n\n\n<style>\r\n        .wpedon-container .wpedon-select,\r\n        .wpedon-container .wpedon-input {\r\n            width: 107px;\r\n            min-width: 107px;\r\n            max-width: 107px;\r\n        }\r\n    <\/style><div class='wpedon-container wpedon-align-left'><label id='wpedon-2649-name-label'>Don personnalis\u00e9<br \/><span class='price'><\/span><\/label><br \/><form target='_blank' action='https:\/\/www.paypal.com\/cgi-bin\/webscr' method='post' class='wpedon-form'><input type='hidden' name='cmd' value='_donations' \/><input type='hidden' name='business' value='infosea1985@gmail.com' \/><input type='hidden' name='currency_code' value='EUR' \/><input type='hidden' name='notify_url' value='https:\/\/stop-vivisection.be\/wp-admin\/admin-post.php?action=add_wpedon_button_ipn'><input type='hidden' name='lc' value='fr_CA'><input type='hidden' name='bn' value='WPPlugin_SP'><input type='hidden' name='return' value='http:\/\/stop-vivisection.be\/index.php\/merci\/' \/><input type='hidden' name='cancel_return' value='' \/><input class='wpedon_paypalbuttonimage' type='image' src='https:\/\/www.paypal.com\/fr_CA\/i\/btn\/btn_donate_LG.gif' border='0' name='submit' alt='Make your payments with PayPal. It is free, secure, effective.' style='border: none;'><img alt='' border='0' style='border:none;display:none;' src='https:\/\/www.paypal.com\/fr_CA\/i\/scr\/pixel.gif' width='1' height='1'><input type='hidden' name='amount' id='amount_ff6e79c93333bb301119c7846b827f41' value='' \/><input type='hidden' name='price' id='price_ff6e79c93333bb301119c7846b827f41' value='' \/><input type='hidden' name='item_number' value='Don-perso' \/><input type='hidden' name='item_name' value='Don personnalis\u00e9' \/><input type='hidden' name='name' value='Don personnalis\u00e9' \/><input type='hidden' name='custom' value='2649'><input type='hidden' name='no_shipping' value='0'><input type='hidden' name='no_note' value='0'><input type='hidden' name='currency_code' value='EUR'><\/form><\/div>\n<p><img decoding=\"async\" class=\"alignnone size-full wp-image-3655\" src=\"https:\/\/stop-vivisection.be\/wp-content\/uploads\/2018\/02\/piert-de-page-sea4.jpg\" alt=\"\" width=\"1754\" height=\"600\" srcset=\"https:\/\/stop-vivisection.be\/wp-content\/uploads\/2018\/02\/piert-de-page-sea4.jpg 1754w, https:\/\/stop-vivisection.be\/wp-content\/uploads\/2018\/02\/piert-de-page-sea4-300x103.jpg 300w, https:\/\/stop-vivisection.be\/wp-content\/uploads\/2018\/02\/piert-de-page-sea4-1024x350.jpg 1024w, https:\/\/stop-vivisection.be\/wp-content\/uploads\/2018\/02\/piert-de-page-sea4-575x198.jpg 575w\" sizes=\"(max-width: 1754px) 100vw, 1754px\" \/><\/p>\n<div class=\"pvc_clear\"><\/div>\n<p id=\"pvc_stats_3498\" class=\"pvc_stats all  \" data-element-id=\"3498\" style=\"\"><i class=\"pvc-stats-icon medium\" aria-hidden=\"true\"><svg aria-hidden=\"true\" focusable=\"false\" data-prefix=\"far\" data-icon=\"chart-bar\" role=\"img\" xmlns=\"http:\/\/www.w3.org\/2000\/svg\" viewBox=\"0 0 512 512\" class=\"svg-inline--fa fa-chart-bar fa-w-16 fa-2x\"><path fill=\"currentColor\" d=\"M396.8 352h22.4c6.4 0 12.8-6.4 12.8-12.8V108.8c0-6.4-6.4-12.8-12.8-12.8h-22.4c-6.4 0-12.8 6.4-12.8 12.8v230.4c0 6.4 6.4 12.8 12.8 12.8zm-192 0h22.4c6.4 0 12.8-6.4 12.8-12.8V140.8c0-6.4-6.4-12.8-12.8-12.8h-22.4c-6.4 0-12.8 6.4-12.8 12.8v198.4c0 6.4 6.4 12.8 12.8 12.8zm96 0h22.4c6.4 0 12.8-6.4 12.8-12.8V204.8c0-6.4-6.4-12.8-12.8-12.8h-22.4c-6.4 0-12.8 6.4-12.8 12.8v134.4c0 6.4 6.4 12.8 12.8 12.8zM496 400H48V80c0-8.84-7.16-16-16-16H16C7.16 64 0 71.16 0 80v336c0 17.67 14.33 32 32 32h464c8.84 0 16-7.16 16-16v-16c0-8.84-7.16-16-16-16zm-387.2-48h22.4c6.4 0 12.8-6.4 12.8-12.8v-70.4c0-6.4-6.4-12.8-12.8-12.8h-22.4c-6.4 0-12.8 6.4-12.8 12.8v70.4c0 6.4 6.4 12.8 12.8 12.8z\" class=\"\"><\/path><\/svg><\/i> <img decoding=\"async\" width=\"16\" height=\"16\" alt=\"Loading\" src=\"https:\/\/stop-vivisection.be\/wp-content\/plugins\/page-views-count\/ajax-loader-2x.gif\" border=0 \/><\/p>\n<div class=\"pvc_clear\"><\/div>\n","protected":false},"excerpt":{"rendered":"<div class=\"pvc_clear\"><\/div>\n<p id=\"pvc_stats_3498\" class=\"pvc_stats all  \" data-element-id=\"3498\" style=\"\"><i class=\"pvc-stats-icon medium\" aria-hidden=\"true\"><svg aria-hidden=\"true\" focusable=\"false\" data-prefix=\"far\" data-icon=\"chart-bar\" role=\"img\" xmlns=\"http:\/\/www.w3.org\/2000\/svg\" viewBox=\"0 0 512 512\" class=\"svg-inline--fa fa-chart-bar fa-w-16 fa-2x\"><path fill=\"currentColor\" d=\"M396.8 352h22.4c6.4 0 12.8-6.4 12.8-12.8V108.8c0-6.4-6.4-12.8-12.8-12.8h-22.4c-6.4 0-12.8 6.4-12.8 12.8v230.4c0 6.4 6.4 12.8 12.8 12.8zm-192 0h22.4c6.4 0 12.8-6.4 12.8-12.8V140.8c0-6.4-6.4-12.8-12.8-12.8h-22.4c-6.4 0-12.8 6.4-12.8 12.8v198.4c0 6.4 6.4 12.8 12.8 12.8zm96 0h22.4c6.4 0 12.8-6.4 12.8-12.8V204.8c0-6.4-6.4-12.8-12.8-12.8h-22.4c-6.4 0-12.8 6.4-12.8 12.8v134.4c0 6.4 6.4 12.8 12.8 12.8zM496 400H48V80c0-8.84-7.16-16-16-16H16C7.16 64 0 71.16 0 80v336c0 17.67 14.33 32 32 32h464c8.84 0 16-7.16 16-16v-16c0-8.84-7.16-16-16-16zm-387.2-48h22.4c6.4 0 12.8-6.4 12.8-12.8v-70.4c0-6.4-6.4-12.8-12.8-12.8h-22.4c-6.4 0-12.8 6.4-12.8 12.8v70.4c0 6.4 6.4 12.8 12.8 12.8z\" class=\"\"><\/path><\/svg><\/i> <img decoding=\"async\" width=\"16\" height=\"16\" alt=\"Loading\" src=\"https:\/\/stop-vivisection.be\/wp-content\/plugins\/page-views-count\/ajax-loader-2x.gif\" border=0 \/><\/p>\n<div class=\"pvc_clear\"><\/div>\n","protected":false},"author":3,"featured_media":0,"parent":0,"menu_order":0,"comment_status":"closed","ping_status":"closed","template":"","meta":{"colormag_page_container_layout":"no_sidebar_full_width","colormag_page_sidebar_layout":"no_sidebar","footnotes":""},"class_list":["post-3498","page","type-page","status-publish","hentry"],"_links":{"self":[{"href":"https:\/\/stop-vivisection.be\/index.php\/wp-json\/wp\/v2\/pages\/3498"}],"collection":[{"href":"https:\/\/stop-vivisection.be\/index.php\/wp-json\/wp\/v2\/pages"}],"about":[{"href":"https:\/\/stop-vivisection.be\/index.php\/wp-json\/wp\/v2\/types\/page"}],"author":[{"embeddable":true,"href":"https:\/\/stop-vivisection.be\/index.php\/wp-json\/wp\/v2\/users\/3"}],"replies":[{"embeddable":true,"href":"https:\/\/stop-vivisection.be\/index.php\/wp-json\/wp\/v2\/comments?post=3498"}],"version-history":[{"count":4,"href":"https:\/\/stop-vivisection.be\/index.php\/wp-json\/wp\/v2\/pages\/3498\/revisions"}],"predecessor-version":[{"id":3669,"href":"https:\/\/stop-vivisection.be\/index.php\/wp-json\/wp\/v2\/pages\/3498\/revisions\/3669"}],"wp:attachment":[{"href":"https:\/\/stop-vivisection.be\/index.php\/wp-json\/wp\/v2\/media?parent=3498"}],"curies":[{"name":"wp","href":"https:\/\/api.w.org\/{rel}","templated":true}]}}