{"id":3729,"date":"2019-11-03T22:22:34","date_gmt":"2019-11-03T21:22:34","guid":{"rendered":"https:\/\/stop-vivisection.be\/?page_id=3729"},"modified":"2023-07-27T13:02:05","modified_gmt":"2023-07-27T12:02:05","slug":"legislation-experimentation-animale","status":"publish","type":"page","link":"https:\/\/stop-vivisection.be\/index.php\/legislation-experimentation-animale\/","title":{"rendered":"L\u00e9gislation exp\u00e9rimentation animale"},"content":{"rendered":"<p><img fetchpriority=\"high\" decoding=\"async\" width=\"800\" height=\"359\" src=\"https:\/\/stop-vivisection.be\/wp-content\/uploads\/2019\/10\/Journ\u00e9e-mondiale2-1024x459.jpg\" alt=\"\" srcset=\"https:\/\/i0.wp.com\/stop-vivisection.be\/wp-content\/uploads\/2019\/10\/Journ\u00e9e-mondiale2.jpg?resize=1024%2C459&amp;ssl=1 1024w, https:\/\/i0.wp.com\/stop-vivisection.be\/wp-content\/uploads\/2019\/10\/Journ\u00e9e-mondiale2.jpg?resize=300%2C134&amp;ssl=1 300w, https:\/\/i0.wp.com\/stop-vivisection.be\/wp-content\/uploads\/2019\/10\/Journ\u00e9e-mondiale2.jpg?w=1600&amp;ssl=1 1600w\" sizes=\"(max-width: 800px) 100vw, 800px\" \/>\t\t\t\t\t\t\t\t\t\t\t<\/p>\n<h2>L\u00e9gislation exp\u00e9rimentation animale<\/h2>\n<p>\t\t\t\t\t\t\t\t\t\t\t\t<a href=\"\">14\/08\/86 Loi relative \u00e0 la Protection et au Bien-\u00eatre des animaux.<\/a><\/p>\n<p><a href=\"https:\/\/stop-vivisection.be\/wp-content\/uploads\/2019\/11\/LOI-BIEN-ETRE-ANIMAL-1986.pdf\" style=\"\" data-width=\"max\" data-height=\"max\"  data-toolbar=\"bottom\" data-toolbar-fixed=\"off\">LOI BIEN ETRE ANIMAL 1986<br \/><\/a><\/p>\n<p><a href=\"https:\/\/stop-vivisection.be\/wp-content\/uploads\/2019\/11\/LOI-BIEN-ETRE-ANIMAL-1986.pdf\" target=\"_blank\" rel=\"noopener noreferrer\"><img decoding=\"async\" src=\"https:\/\/i0.wp.com\/stop-vivisection.be\/wp-content\/uploads\/2019\/11\/image_preview_4.png?resize=250%2C250&#038;ssl=1\" alt=\"\" width=\"250\" height=\"250\" data-recalc-dims=\"1\" \/><\/a><\/p>\n<p>\u00a0<\/p>\n<p>\t\t\t\t\t\t\t\t\t\t\t\t<a href=\"\">1991 \u00e0 2007 Loi relative \u00e0 la protection et au Bien-\u00eatre des animaux modifi\u00e9e (de 1991 \u00e0 2007).<\/a><\/p>\n<p><a href=\"https:\/\/stop-vivisection.be\/wp-content\/uploads\/2019\/11\/LOI-BIEN-ETRE-ANIMAL-MODIFIEE.pdf\" style=\"\" data-width=\"max\" data-height=\"max\"  data-toolbar=\"bottom\" data-toolbar-fixed=\"off\">LOI BIEN ETRE ANIMAL MODIFIEE<br \/><\/a><\/p>\n<p><a href=\"https:\/\/stop-vivisection.be\/wp-content\/uploads\/2019\/11\/LOI-BIEN-ETRE-ANIMAL-MODIFIEE.pdf\" target=\"_blank\" rel=\"noopener noreferrer\"><img decoding=\"async\" src=\"https:\/\/i0.wp.com\/stop-vivisection.be\/wp-content\/uploads\/2019\/11\/image_preview_4.png?resize=250%2C250&#038;ssl=1\" alt=\"\" width=\"250\" height=\"250\" data-recalc-dims=\"1\" \/><\/a><\/p>\n<p>\t\t\t\t\t\t\t\t\t\t\t\t<a href=\"\">30\/11\/01 Arr\u00eat\u00e9 Royal portant interdiction de certaines exp\u00e9riences sur les animaux.<\/a><\/p>\n<p><a href=\"https:\/\/stop-vivisection.be\/wp-content\/uploads\/2019\/11\/AR-EXPERIMENTATION-ANIMALE.pdf\" style=\"\" data-width=\"max\" data-height=\"max\"  data-toolbar=\"bottom\" data-toolbar-fixed=\"off\">AR EXPERIMENTATION ANIMALE<br \/><\/a><\/p>\n<p><a href=\"https:\/\/stop-vivisection.be\/wp-content\/uploads\/2019\/11\/AR-EXPERIMENTATION-ANIMALE.pdf\" target=\"_blank\" rel=\"noopener noreferrer\"><img decoding=\"async\" src=\"https:\/\/i0.wp.com\/stop-vivisection.be\/wp-content\/uploads\/2019\/11\/image_preview_4.png?resize=250%2C250&#038;ssl=1\" alt=\"\" width=\"250\" height=\"250\" data-recalc-dims=\"1\" \/><\/a><\/p>\n<p>\t\t\t\t\t\t\t\t\t\t\t\t<a href=\"\">25\/04\/04 Arr\u00eat\u00e9 Royal modifiant l&rsquo;A.R. du 30\/11\/01  portant interdiction de certaines exp\u00e9riences sur les animaux &#8211; production d&rsquo;anticorps monoclonaux.<\/a><\/p>\n<p><a href=\"https:\/\/stop-vivisection.be\/wp-content\/uploads\/2019\/11\/AR-EXPERIMENTATION-ANIMALE1.pdf\" style=\"\" data-width=\"max\" data-height=\"max\"  data-toolbar=\"bottom\" data-toolbar-fixed=\"off\">AR EXPERIMENTATION ANIMALE1<br \/><\/a><\/p>\n<p><a href=\"https:\/\/stop-vivisection.be\/wp-content\/uploads\/2019\/11\/AR-EXPERIMENTATION-ANIMALE1.pdf\" target=\"_blank\" rel=\"noopener noreferrer\"><img decoding=\"async\" src=\"https:\/\/i0.wp.com\/stop-vivisection.be\/wp-content\/uploads\/2019\/11\/image_preview_4.png?resize=250%2C250&#038;ssl=1\" alt=\"\" width=\"250\" height=\"250\" data-recalc-dims=\"1\" \/><\/a><\/p>\n<p>\t\t\t\t\t\t\t\t\t\t\t\t<a href=\"\">31\/12\/04 Arr\u00eat\u00e9 Royal relatif \u00e0 la protection des animaux d&rsquo;exp\u00e9rience &#8211; version coordonn\u00e9e.<\/a><\/p>\n<p><a href=\"https:\/\/stop-vivisection.be\/wp-content\/uploads\/2019\/11\/ARRETE-ROYAL-EXPERIM-ANIMALE4pdf.pdf\" style=\"\" data-width=\"max\" data-height=\"max\"  data-toolbar=\"bottom\" data-toolbar-fixed=\"off\">ARRETE ROYAL EXPERIM ANIMALE4pdf<br \/><\/a><\/p>\n<p><a href=\"https:\/\/stop-vivisection.be\/wp-content\/uploads\/2019\/11\/ARRETE-ROYAL-EXPERIM-ANIMALE4pdf.pdf\" target=\"_blank\" rel=\"noopener noreferrer\"><img decoding=\"async\" src=\"https:\/\/i0.wp.com\/stop-vivisection.be\/wp-content\/uploads\/2019\/11\/image_preview_4.png?resize=250%2C250&#038;ssl=1\" alt=\"\" width=\"250\" height=\"250\" data-recalc-dims=\"1\" \/><\/a><\/p>\n<p>\t\t\t\t\t\t\t\t\t\t\t\t<a href=\"\">19\/01\/05 Arr\u00eat\u00e9  Royal modifiant l&rsquo;A.R. du 30\/11\/01  portant interdiction de certaines exp\u00e9riences sur les animaux en ce qui concerne les produits cosm\u00e9tiques.<\/a><\/p>\n<p><a href=\"https:\/\/stop-vivisection.be\/wp-content\/uploads\/2019\/11\/AR-EXPERIMENTATION-ANIMALE2.pdf\" style=\"\" data-width=\"max\" data-height=\"max\"  data-toolbar=\"bottom\" data-toolbar-fixed=\"off\">AR EXPERIMENTATION ANIMALE2<br \/><\/a><\/p>\n<p><a href=\"https:\/\/stop-vivisection.be\/wp-content\/uploads\/2019\/11\/AR-EXPERIMENTATION-ANIMALE2.pdf\" target=\"_blank\" rel=\"noopener noreferrer\"><img decoding=\"async\" src=\"https:\/\/i0.wp.com\/stop-vivisection.be\/wp-content\/uploads\/2019\/11\/image_preview_4.png?resize=250%2C250&#038;ssl=1\" alt=\"\" width=\"250\" height=\"250\" data-recalc-dims=\"1\" \/><\/a><\/p>\n<p>\t\t\t\t\t\t\t\t\t\t\t\t<a href=\"\">28\/10\/08 Arr\u00eat\u00e9 Royal modifiant l&rsquo;A.R. du 30\/11\/01  portant interdiction de certaines exp\u00e9riences sur les animaux en ce qui concerne les exp\u00e9riences sur animaux en vue du d\u00e9veloppement de produits du tabac.<\/a><\/p>\n<p><a href=\"https:\/\/stop-vivisection.be\/wp-content\/uploads\/2019\/11\/AR-EXPERIMENTATION-ANIMALE3.pdf\" style=\"\" data-width=\"max\" data-height=\"max\"  data-toolbar=\"bottom\" data-toolbar-fixed=\"off\">AR EXPERIMENTATION ANIMALE3<br \/><\/a><\/p>\n<p><a href=\"https:\/\/stop-vivisection.be\/wp-content\/uploads\/2019\/11\/AR-EXPERIMENTATION-ANIMALE3.pdf\" target=\"_blank\" rel=\"noopener noreferrer\"><img decoding=\"async\" src=\"https:\/\/i0.wp.com\/stop-vivisection.be\/wp-content\/uploads\/2019\/11\/image_preview_4.png?resize=250%2C250&#038;ssl=1\" alt=\"\" width=\"250\" height=\"250\" data-recalc-dims=\"1\" \/><\/a><\/p>\n<p>\t\t\t\t\t\t\t\t\t\t\t\t<a href=\"\">09\/06\/09 Loi portant cr\u00e9ation d&rsquo;un centre belge des m\u00e9thodes alternatives \u00e0 l&rsquo;exp\u00e9rimentation animale.<\/a><\/p>\n<p><a href=\"https:\/\/stop-vivisection.be\/wp-content\/uploads\/2019\/11\/ARRETE-ROYAL-EXPERIMENTATION-ANIMALE-5.pdf\" style=\"\" data-width=\"max\" data-height=\"max\"  data-toolbar=\"bottom\" data-toolbar-fixed=\"off\">ARRETE ROYAL EXPERIMENTATION ANIMALE 5<br \/><\/a><\/p>\n<p><a href=\"https:\/\/stop-vivisection.be\/wp-content\/uploads\/2019\/11\/ARRETE-ROYAL-EXPERIMENTATION-ANIMALE-5.pdf\" target=\"_blank\" rel=\"noopener noreferrer\"><img decoding=\"async\" src=\"https:\/\/i0.wp.com\/stop-vivisection.be\/wp-content\/uploads\/2019\/11\/image_preview_4.png?resize=250%2C250&#038;ssl=1\" alt=\"\" width=\"250\" height=\"250\" data-recalc-dims=\"1\" \/><\/a><\/p>\n<p>\t\t\t\t\t\t\t\t\t\t\t\t<a href=\"\">04\/08\/09 Arr\u00eat\u00e9 Royal modifiant l&rsquo;A.R. du 30\/11\/01 en ce qui concerne les tests sur les primates anthropo\u00efdes.<\/a><\/p>\n<p><a href=\"https:\/\/stop-vivisection.be\/wp-content\/uploads\/2019\/11\/AR-EXPERIMENTATION-ANIMALE4.pdf\" style=\"\" data-width=\"max\" data-height=\"max\"  data-toolbar=\"bottom\" data-toolbar-fixed=\"off\">AR EXPERIMENTATION ANIMALE4<br \/><\/a><\/p>\n<p><a href=\"https:\/\/stop-vivisection.be\/wp-content\/uploads\/2019\/11\/AR-EXPERIMENTATION-ANIMALE4.pdf\" target=\"_blank\" rel=\"noopener noreferrer\"><img decoding=\"async\" src=\"https:\/\/i0.wp.com\/stop-vivisection.be\/wp-content\/uploads\/2019\/11\/image_preview_4.png?resize=250%2C250&#038;ssl=1\" alt=\"\" width=\"250\" height=\"250\" data-recalc-dims=\"1\" \/><\/a><\/p>\n<p>\t\t\t\t\t\t\t\t\t\t\t\t<a href=\"\">30\/11\/09 R\u00e8glement du parlement europ\u00e9en relatif aux produits cosm\u00e9tiques.<\/a><\/p>\n<p><a href=\"https:\/\/stop-vivisection.be\/wp-content\/uploads\/2019\/11\/REGLEMENT-EUROPEEN-EXPERIMENTATION-ANIMALE.pdf\" style=\"\" data-width=\"max\" data-height=\"max\"  data-toolbar=\"bottom\" data-toolbar-fixed=\"off\">REGLEMENT EUROPEEN EXPERIMENTATION ANIMALE<br \/><\/a><\/p>\n<p><a href=\"https:\/\/stop-vivisection.be\/wp-content\/uploads\/2019\/11\/REGLEMENT-EUROPEEN-EXPERIMENTATION-ANIMALE.pdf\" target=\"_blank\" rel=\"noopener noreferrer\"><img decoding=\"async\" src=\"https:\/\/i0.wp.com\/stop-vivisection.be\/wp-content\/uploads\/2019\/11\/image_preview_4.png?resize=250%2C250&#038;ssl=1\" alt=\"\" width=\"250\" height=\"250\" data-recalc-dims=\"1\" \/><\/a><\/p>\n<p>\t\t\t\t\t\t\t\t\t\t\t\t<a href=\"\">22\/09\/10 Directive 2010\/63\/UE du Parlement europ\u00e9en et du Conseil du 22\/9\/10 relative \u00e0 la protection des animaux utilis\u00e9s \u00e0 des fins scientifiques.<\/a><\/p>\n<p><a href=\"https:\/\/stop-vivisection.be\/wp-content\/uploads\/2019\/11\/DIRECTIVE-EUROPEENNE.pdf\" style=\"\" data-width=\"max\" data-height=\"max\"  data-toolbar=\"bottom\" data-toolbar-fixed=\"off\">DIRECTIVE EUROPEENNE<br \/><\/a><\/p>\n<p><a href=\"https:\/\/stop-vivisection.be\/wp-content\/uploads\/2019\/11\/DIRECTIVE-EUROPEENNE.pdf\" target=\"_blank\" rel=\"noopener noreferrer\"><img decoding=\"async\" src=\"https:\/\/i0.wp.com\/stop-vivisection.be\/wp-content\/uploads\/2019\/11\/image_preview_4.png?resize=250%2C250&#038;ssl=1\" alt=\"\" width=\"250\" height=\"250\" data-recalc-dims=\"1\" \/><\/a><\/p>\n<p>\t\t\t\t\t\t\t\t\t\t\t\t<a href=\"\">11\/06\/15 Arr\u00eat\u00e9 Minist\u00e9riel portant nomination des membres du Conseil du Bien-\u00eatre des animaux.<\/a><\/p>\n<p><a href=\"https:\/\/stop-vivisection.be\/wp-content\/uploads\/2019\/11\/AM_nomination_CWBEA.pdf\" style=\"\" data-width=\"max\" data-height=\"max\"  data-toolbar=\"bottom\" data-toolbar-fixed=\"off\">AM_nomination_CWBEA<br \/><\/a><\/p>\n<p><a href=\"https:\/\/stop-vivisection.be\/wp-content\/uploads\/2019\/11\/AM_nomination_CWBEA.pdf\" target=\"_blank\" rel=\"noopener noreferrer\"><img decoding=\"async\" src=\"https:\/\/i0.wp.com\/stop-vivisection.be\/wp-content\/uploads\/2019\/11\/image_preview_4.png?resize=250%2C250&#038;ssl=1\" alt=\"\" width=\"250\" height=\"250\" data-recalc-dims=\"1\" \/><\/a><\/p>\n<p>\t\t\t\t\t\t\t\t\t\t\t\t<a href=\"\">03\/10\/18 Code du Bien-\u00eatre animal : Exp\u00e9riences sur animaux, Ch. 8, p. 16 \u00e0 23.                                                          Conseil wallon du Bien-\u00eatre animal, Ch. 9, p. 24.<\/a><\/p>\n<p><a href=\"https:\/\/stop-vivisection.be\/wp-content\/uploads\/2019\/11\/BEA-code-web-1.pdf\" style=\"\" data-width=\"max\" data-height=\"max\"  data-toolbar=\"bottom\" data-toolbar-fixed=\"off\">BEA-code-web (1)<br \/><\/a><\/p>\n<p><a href=\"https:\/\/stop-vivisection.be\/wp-content\/uploads\/2019\/11\/BEA-code-web-1.pdf\" target=\"_blank\" rel=\"noopener noreferrer\"><img decoding=\"async\" src=\"https:\/\/i0.wp.com\/stop-vivisection.be\/wp-content\/uploads\/2019\/11\/image_preview_4.png?resize=250%2C250&#038;ssl=1\" alt=\"\" width=\"250\" height=\"250\" data-recalc-dims=\"1\" \/><\/a><\/p>\n<p><a href=\"https:\/\/stop-vivisection.be\/wp-content\/uploads\/2019\/11\/Code-BEA.pdf\" style=\"\" data-width=\"max\" data-height=\"max\"  data-toolbar=\"bottom\" data-toolbar-fixed=\"off\">Code BEA<br \/><\/a><\/p>\n<p><a href=\"https:\/\/stop-vivisection.be\/wp-content\/uploads\/2019\/11\/Code-BEA.pdf\" target=\"_blank\" rel=\"noopener noreferrer\"><img decoding=\"async\" src=\"https:\/\/i0.wp.com\/stop-vivisection.be\/wp-content\/uploads\/2019\/11\/image_preview_4.png?resize=250%2C250&#038;ssl=1\" alt=\"\" width=\"250\" height=\"250\" data-recalc-dims=\"1\" \/><\/a><\/p>\n<p>\t\t\t\t\t\t\t\t\t\t\t\t<a href=\"\">04\/10\/18 D\u00e9cret relatif au Code wallon du Bien-\u00eatre des animaux.<\/a><\/p>\n<p><a href=\"https:\/\/stop-vivisection.be\/wp-content\/uploads\/2019\/11\/Composition-du-conseil-du-bien-e\u0302tre-des-animaux-2008.pdf\" style=\"\" data-width=\"max\" data-height=\"max\"  data-toolbar=\"bottom\" data-toolbar-fixed=\"off\">Composition du conseil du bien-e\u0302tre des animaux 2008<br \/><\/a><\/p>\n<p><a href=\"https:\/\/stop-vivisection.be\/wp-content\/uploads\/2019\/11\/Composition-du-conseil-du-bien-e\u0302tre-des-animaux-2008.pdf\" target=\"_blank\" rel=\"noopener noreferrer\"><img decoding=\"async\" src=\"https:\/\/i0.wp.com\/stop-vivisection.be\/wp-content\/uploads\/2019\/11\/image_preview_4.png?resize=250%2C250&#038;ssl=1\" alt=\"\" width=\"250\" height=\"250\" data-recalc-dims=\"1\" \/><\/a><\/p>\n<p>\t\t\t\t\t\t\t\t\t\t<img decoding=\"async\" width=\"800\" height=\"273\" src=\"https:\/\/stop-vivisection.be\/wp-content\/uploads\/2018\/02\/piert-de-page-sea4-1024x350.jpg\" alt=\"\" srcset=\"https:\/\/i2.wp.com\/stop-vivisection.be\/wp-content\/uploads\/2018\/02\/piert-de-page-sea4.jpg?resize=1024%2C350&amp;ssl=1 1024w, https:\/\/i2.wp.com\/stop-vivisection.be\/wp-content\/uploads\/2018\/02\/piert-de-page-sea4.jpg?resize=300%2C103&amp;ssl=1 300w, https:\/\/i2.wp.com\/stop-vivisection.be\/wp-content\/uploads\/2018\/02\/piert-de-page-sea4.jpg?w=1600&amp;ssl=1 1600w\" sizes=\"(max-width: 800px) 100vw, 800px\" \/><\/p>\n<div class=\"pvc_clear\"><\/div>\n<p id=\"pvc_stats_3729\" class=\"pvc_stats all  \" data-element-id=\"3729\" style=\"\"><i class=\"pvc-stats-icon medium\" aria-hidden=\"true\"><svg aria-hidden=\"true\" focusable=\"false\" data-prefix=\"far\" data-icon=\"chart-bar\" role=\"img\" xmlns=\"http:\/\/www.w3.org\/2000\/svg\" viewBox=\"0 0 512 512\" class=\"svg-inline--fa fa-chart-bar fa-w-16 fa-2x\"><path fill=\"currentColor\" d=\"M396.8 352h22.4c6.4 0 12.8-6.4 12.8-12.8V108.8c0-6.4-6.4-12.8-12.8-12.8h-22.4c-6.4 0-12.8 6.4-12.8 12.8v230.4c0 6.4 6.4 12.8 12.8 12.8zm-192 0h22.4c6.4 0 12.8-6.4 12.8-12.8V140.8c0-6.4-6.4-12.8-12.8-12.8h-22.4c-6.4 0-12.8 6.4-12.8 12.8v198.4c0 6.4 6.4 12.8 12.8 12.8zm96 0h22.4c6.4 0 12.8-6.4 12.8-12.8V204.8c0-6.4-6.4-12.8-12.8-12.8h-22.4c-6.4 0-12.8 6.4-12.8 12.8v134.4c0 6.4 6.4 12.8 12.8 12.8zM496 400H48V80c0-8.84-7.16-16-16-16H16C7.16 64 0 71.16 0 80v336c0 17.67 14.33 32 32 32h464c8.84 0 16-7.16 16-16v-16c0-8.84-7.16-16-16-16zm-387.2-48h22.4c6.4 0 12.8-6.4 12.8-12.8v-70.4c0-6.4-6.4-12.8-12.8-12.8h-22.4c-6.4 0-12.8 6.4-12.8 12.8v70.4c0 6.4 6.4 12.8 12.8 12.8z\" class=\"\"><\/path><\/svg><\/i> <img loading=\"lazy\" decoding=\"async\" width=\"16\" height=\"16\" alt=\"Loading\" src=\"https:\/\/stop-vivisection.be\/wp-content\/plugins\/page-views-count\/ajax-loader-2x.gif\" border=0 \/><\/p>\n<div class=\"pvc_clear\"><\/div>\n","protected":false},"excerpt":{"rendered":"<p>L\u00e9gislation exp\u00e9rimentation animale 14\/08\/86 Loi relative \u00e0 la Protection et au Bien-\u00eatre des animaux. LOI BIEN ETRE ANIMAL 1986 \u00a0<\/p>\n<div class=\"pvc_clear\"><\/div>\n<p id=\"pvc_stats_3729\" class=\"pvc_stats all  \" data-element-id=\"3729\" style=\"\"><i class=\"pvc-stats-icon medium\" aria-hidden=\"true\"><svg aria-hidden=\"true\" focusable=\"false\" data-prefix=\"far\" data-icon=\"chart-bar\" role=\"img\" xmlns=\"http:\/\/www.w3.org\/2000\/svg\" viewBox=\"0 0 512 512\" class=\"svg-inline--fa fa-chart-bar fa-w-16 fa-2x\"><path fill=\"currentColor\" d=\"M396.8 352h22.4c6.4 0 12.8-6.4 12.8-12.8V108.8c0-6.4-6.4-12.8-12.8-12.8h-22.4c-6.4 0-12.8 6.4-12.8 12.8v230.4c0 6.4 6.4 12.8 12.8 12.8zm-192 0h22.4c6.4 0 12.8-6.4 12.8-12.8V140.8c0-6.4-6.4-12.8-12.8-12.8h-22.4c-6.4 0-12.8 6.4-12.8 12.8v198.4c0 6.4 6.4 12.8 12.8 12.8zm96 0h22.4c6.4 0 12.8-6.4 12.8-12.8V204.8c0-6.4-6.4-12.8-12.8-12.8h-22.4c-6.4 0-12.8 6.4-12.8 12.8v134.4c0 6.4 6.4 12.8 12.8 12.8zM496 400H48V80c0-8.84-7.16-16-16-16H16C7.16 64 0 71.16 0 80v336c0 17.67 14.33 32 32 32h464c8.84 0 16-7.16 16-16v-16c0-8.84-7.16-16-16-16zm-387.2-48h22.4c6.4 0 12.8-6.4 12.8-12.8v-70.4c0-6.4-6.4-12.8-12.8-12.8h-22.4c-6.4 0-12.8 6.4-12.8 12.8v70.4c0 6.4 6.4 12.8 12.8 12.8z\" class=\"\"><\/path><\/svg><\/i> <img loading=\"lazy\" decoding=\"async\" width=\"16\" height=\"16\" alt=\"Loading\" src=\"https:\/\/stop-vivisection.be\/wp-content\/plugins\/page-views-count\/ajax-loader-2x.gif\" border=0 \/><\/p>\n<div class=\"pvc_clear\"><\/div>\n","protected":false},"author":3,"featured_media":0,"parent":0,"menu_order":0,"comment_status":"closed","ping_status":"closed","template":"","meta":{"colormag_page_container_layout":"default_layout","colormag_page_sidebar_layout":"default_layout","footnotes":""},"class_list":["post-3729","page","type-page","status-publish","hentry"],"_links":{"self":[{"href":"https:\/\/stop-vivisection.be\/index.php\/wp-json\/wp\/v2\/pages\/3729"}],"collection":[{"href":"https:\/\/stop-vivisection.be\/index.php\/wp-json\/wp\/v2\/pages"}],"about":[{"href":"https:\/\/stop-vivisection.be\/index.php\/wp-json\/wp\/v2\/types\/page"}],"author":[{"embeddable":true,"href":"https:\/\/stop-vivisection.be\/index.php\/wp-json\/wp\/v2\/users\/3"}],"replies":[{"embeddable":true,"href":"https:\/\/stop-vivisection.be\/index.php\/wp-json\/wp\/v2\/comments?post=3729"}],"version-history":[{"count":16,"href":"https:\/\/stop-vivisection.be\/index.php\/wp-json\/wp\/v2\/pages\/3729\/revisions"}],"predecessor-version":[{"id":5451,"href":"https:\/\/stop-vivisection.be\/index.php\/wp-json\/wp\/v2\/pages\/3729\/revisions\/5451"}],"wp:attachment":[{"href":"https:\/\/stop-vivisection.be\/index.php\/wp-json\/wp\/v2\/media?parent=3729"}],"curies":[{"name":"wp","href":"https:\/\/api.w.org\/{rel}","templated":true}]}}