{"id":4081,"date":"2020-08-03T11:58:12","date_gmt":"2020-08-03T10:58:12","guid":{"rendered":"https:\/\/stop-vivisection.be\/?page_id=4081"},"modified":"2020-08-03T16:03:30","modified_gmt":"2020-08-03T15:03:30","slug":"testament-sea","status":"publish","type":"page","link":"https:\/\/stop-vivisection.be\/index.php\/testament-sea\/","title":{"rendered":"TESTAMENT SEA"},"content":{"rendered":"<p align=\"center\"><span style=\"color: #000000;\"><span style=\"font-family: Tahoma, sans-serif;\"><span style=\"font-size: large;\"><b>Prolongez dans le temps l&rsquo;amour que vous portez aux animaux<\/b><\/span><\/span><\/span><\/p>\n<p align=\"justify\"><span style=\"font-size: medium;\"><b><img decoding=\"async\" class=\" wp-image-4083 alignleft\" src=\"https:\/\/stop-vivisection.be\/wp-content\/uploads\/2020\/08\/chat.jpg\" alt=\"\" width=\"212\" height=\"159\" srcset=\"https:\/\/stop-vivisection.be\/wp-content\/uploads\/2020\/08\/chat.jpg 960w, https:\/\/stop-vivisection.be\/wp-content\/uploads\/2020\/08\/chat-300x224.jpg 300w\" sizes=\"(max-width: 212px) 100vw, 212px\" \/>Chaque jour, S.E.A. agit pour faire reculer la souffrance des animaux tortur\u00e9s dans les laboratoires, maltrait\u00e9s dans les \u00e9levages industriels, transport\u00e9s et mis \u00e0 mort dans des conditions \u00e9pouvantables.<\/b><\/span><\/p>\n<p align=\"justify\"><span style=\"font-size: medium;\"><b>S.E.A. se bat pour que des contr\u00f4les r\u00e9els soient effectu\u00e9s dans les laboratoires d&rsquo;exp\u00e9rimentation, notamment en y int\u00e9grant les repr\u00e9sentants scientifiques et responsables de S.E.A.<\/b><\/span><\/p>\n<p align=\"justify\"><span style=\"font-size: medium;\"><b>Nous agissons pour mettre fin aux \u00e9levages industriels (notamment de poules pondeuses) et pour interdire le transport d&rsquo;animaux en p\u00e9riode de canicule dans l&rsquo;UE et hors UE. <\/b><\/span><\/p>\n<p align=\"justify\"><span style=\"font-size: medium;\"><b>Durant l&rsquo;ann\u00e9e scolaire, S.E.A. se rend dans les \u00e9coles primaires et secondaires afin d&rsquo;\u00e9duquer les jeunes au respect envers les animaux.<\/b><\/span><\/p>\n<p align=\"justify\"><span style=\"font-size: medium;\"><b>Tout au long de l&rsquo;ann\u00e9e, nous informons \u00e9galement le public par le biais de la presse et de nos communiqu\u00e9s.<\/b><\/span><\/p>\n<p align=\"justify\"><span style=\"font-size: medium;\"><b>Vous souhaitez agir pour la p\u00e9rennit\u00e9 de nos actions et de notre combat\u00a0? Inscrire S.E.A. dans votre testament, c&rsquo;est nous aider \u00e0 poursuivre notre travail au quotidien pour faire du bien-\u00eatre animal un vrai enjeu soci\u00e9tal.<\/b><\/span><\/p>\n<p align=\"center\"><span style=\"color: #000080;\"><span style=\"font-size: medium;\"><b>100 % de votre g\u00e9n\u00e9rosit\u00e9 servira \u00e0 d\u00e9fendre les animaux\u00a0! <\/b><\/span><\/span><\/p>\n<p align=\"center\"><span style=\"color: #000080;\"><span style=\"font-size: medium;\"><b>ASBL S.E.A. rue des Cotillages 90 \u2013 4000 LIEGE \u2013 0497 62 00 89<\/b><\/span><\/span><\/p>\n<hr \/>\n<table width=\"100%\" cellspacing=\"0\" cellpadding=\"4\">\n<colgroup>\n<col width=\"256*\" \/> <\/colgroup>\n<tbody>\n<tr>\n<td valign=\"top\" width=\"100%\" height=\"111\">\n<p align=\"center\"><span style=\"font-size: medium;\"><b>Ce qu&rsquo;il faut savoir si vous voulez faire un legs \u00e0 S.E.A.<\/b><\/span><\/p>\n<p align=\"justify\"><span style=\"font-size: medium;\"><b>Il faut d\u00e9signer correctement l&rsquo;association\u00a0:<\/b><\/span><\/p>\n<p align=\"justify\"><span style=\"color: #000066;\"><span style=\"font-size: medium;\"><b><span style=\"font-size: xx-small;\">ASBL<\/span> Suppression des Exp\u00e9riences sur l&rsquo;Animal vivant \u2013 Stop Experimenten op levende Dieren <span style=\"font-size: xx-small;\">VZW<\/span><\/b><\/span><\/span><\/p>\n<p align=\"center\"><span style=\"color: #000066;\"><span style=\"font-size: medium;\"><b>rue des Cotillages 90, 4000 LIEGE (n\u00b0 d&rsquo;entreprise\u00a0: 851.194.596)<\/b><\/span><\/span><\/p>\n<h3 class=\"western\" align=\"justify\"><\/h3>\n<h3 class=\"western\" align=\"justify\"><span style=\"color: #000000;\"><span style=\"font-family: Verdana, Geneva, sans-serif;\"><span style=\"font-size: medium;\"><b>Les droits de succession en faveur des asbl sont moins \u00e9lev\u00e9s que ceux aux personnes dont le degr\u00e9 de parent\u00e9 est \u00e9loign\u00e9.<\/b><\/span><\/span><\/span><\/h3>\n<p align=\"justify\"><span style=\"color: #000000;\"><span style=\"font-family: Verdana, Geneva, sans-serif;\"><span style=\"font-size: medium;\">En r\u00e9gion wallonne\u00a0: 7 %<\/span><\/span><\/span><\/p>\n<p align=\"justify\"><span style=\"color: #000000;\"><span style=\"font-family: Verdana, Geneva, sans-serif;\"><span style=\"font-size: medium;\">En r\u00e9gion flamande\u00a0: 8,5 %<\/span><\/span><\/span><\/p>\n<p align=\"justify\"><span style=\"color: #000000;\"><span style=\"font-family: Verdana, Geneva, sans-serif;\"><span style=\"font-size: medium;\">En r\u00e9gion bruxelloise\u00a0: 7 %<\/span><\/span><\/span><\/p>\n<p align=\"justify\"><span style=\"color: #000000;\"><span style=\"font-family: Verdana, Geneva, sans-serif;\"><span style=\"font-size: medium;\"><b>Il existe diff\u00e9rentes formes de testaments\u00a0:<\/b><\/span><\/span><\/span><\/p>\n<p align=\"justify\"><span style=\"color: #000000;\"><span style=\"font-family: Verdana, Geneva, sans-serif;\"><span style=\"font-size: medium;\">a) <b>Le testament authentique<\/b>\u00a0: Vous dictez au notaire vos volont\u00e9s ce qui vous assure que votre testament est correctement r\u00e9dig\u00e9. Cette forme de testament a l&rsquo;avantage de jouir d&rsquo;une forme ex\u00e9cutoire imm\u00e9diate lors du d\u00e9c\u00e8s du testateur.<\/span><\/span><\/span><\/p>\n<p align=\"justify\"><span style=\"color: #000000;\"><span style=\"font-family: Verdana, Geneva, sans-serif;\"><span style=\"font-size: medium;\">b) <b>Le testament olographe<\/b>\u00a0: Il faut qu&rsquo;il soit r\u00e9dig\u00e9 enti\u00e8rement de votre main. Pour \u00eatre valable, il doit \u00eatre dat\u00e9, sign\u00e9 et surtout manuscrit. <u>TOUTES<\/u> ces conditions doivent \u00eatre remplies. Lorsqu&rsquo;il est \u00e9tabli, il est vivement conseill\u00e9 de le d\u00e9poser chez un notaire qui se chargera de renseigner l&rsquo;existence du testament au Registre central des dispositions de derni\u00e8res volont\u00e9s (C.R.T.).<\/span><\/span><\/span><\/p>\n<p align=\"justify\"><span style=\"color: #000000;\"><span style=\"font-family: Verdana, Geneva, sans-serif;\"><span style=\"font-size: medium;\"><b>En ce qui concerne la nature des legs\u00a0que vous souhaitez faire\u00a0: <\/b><\/span><\/span><\/span><\/p>\n<p align=\"justify\"><span style=\"color: #000000;\"><span style=\"font-family: Verdana, sans-serif;\"><span style=\"font-size: medium;\">a) <b>Le legs universel<\/b>\u00a0: est celui par lequel vous l\u00e9guez la totalit\u00e9 de votre patrimoine \u00e0 une asbl telle que S.E.A.\u00a0;<\/span><\/span><\/span><\/p>\n<p align=\"justify\"><span style=\"color: #000000;\"><span style=\"font-family: Verdana, sans-serif;\"><span style=\"font-size: medium;\">b) <b>Le legs \u00e0 titre particulier<\/b>\u00a0: vous l\u00e9guez un bien ou des biens d\u00e9termin\u00e9s \u00e0 une asbl\u00a0;<\/span><\/span><\/span><\/p>\n<p align=\"justify\"><span style=\"color: #000000;\"><span style=\"font-family: Verdana, sans-serif;\"><span style=\"font-size: medium;\">c) <b>Le legs en duo<\/b>\u00a0: c&rsquo;est un don permettant de faire b\u00e9n\u00e9ficier un h\u00e9ritier libre de tout droit de succession de faire b\u00e9n\u00e9ficier l&rsquo;asbl qui prendra la totalit\u00e9 des droits \u00e0 sa charge. Ce type de legs en duo est \u00e9labor\u00e9 et demande les conseils avertis d&rsquo;un notaire.<\/span><\/span><\/span><\/p>\n<\/td>\n<\/tr>\n<\/tbody>\n<\/table>\n<a href=\"https:\/\/stop-vivisection.be\/wp-content\/uploads\/2020\/08\/TESTAMENT.pdf\" class=\"pdfemb-viewer\" style=\"\" data-width=\"max\" data-height=\"max\" data-toolbar=\"bottom\" data-toolbar-fixed=\"off\">TESTAMENT<\/a>\n<p><a href=\"https:\/\/stop-vivisection.be\/wp-content\/uploads\/2020\/08\/TESTAMENT.pdf\" target=\"_blank\" rel=\"noopener noreferrer\"><strong>T\u00e9l\u00e9charger le pdf ICI<\/strong><\/a><\/p>\n<style>\r\n        .wpedon-container .wpedon-select,\r\n        .wpedon-container .wpedon-input {\r\n            width: 107px;\r\n            min-width: 107px;\r\n            max-width: 107px;\r\n        }\r\n    <\/style><div class='wpedon-container wpedon-align-left'><label id='wpedon-2649-name-label'>Don personnalis\u00e9<br \/><span class='price'><\/span><\/label><br \/><form target='_blank' action='https:\/\/www.paypal.com\/cgi-bin\/webscr' method='post' class='wpedon-form'><input type='hidden' name='cmd' value='_donations' \/><input type='hidden' name='business' value='infosea1985@gmail.com' \/><input type='hidden' name='currency_code' value='EUR' \/><input type='hidden' name='notify_url' value='https:\/\/stop-vivisection.be\/wp-admin\/admin-post.php?action=add_wpedon_button_ipn'><input type='hidden' name='lc' value='fr_CA'><input type='hidden' name='bn' value='WPPlugin_SP'><input type='hidden' name='return' value='http:\/\/stop-vivisection.be\/index.php\/merci\/' \/><input type='hidden' name='cancel_return' value='' \/><input class='wpedon_paypalbuttonimage' type='image' src='https:\/\/www.paypal.com\/fr_CA\/i\/btn\/btn_donate_LG.gif' border='0' name='submit' alt='Make your payments with PayPal. It is free, secure, effective.' style='border: none;'><img alt='' border='0' style='border:none;display:none;' src='https:\/\/www.paypal.com\/fr_CA\/i\/scr\/pixel.gif' width='1' height='1'><input type='hidden' name='amount' id='amount_34160980af7d72dd2bb781e77efc84e4' value='' \/><input type='hidden' name='price' id='price_34160980af7d72dd2bb781e77efc84e4' value='' \/><input type='hidden' name='item_number' value='Don-perso' \/><input type='hidden' name='item_name' value='Don personnalis\u00e9' \/><input type='hidden' name='name' value='Don personnalis\u00e9' \/><input type='hidden' name='custom' value='2649'><input type='hidden' name='no_shipping' value='0'><input type='hidden' name='no_note' value='0'><input type='hidden' name='currency_code' value='EUR'><\/form><\/div>\n<div class=\"pvc_clear\"><\/div>\n<p id=\"pvc_stats_4081\" class=\"pvc_stats all  \" data-element-id=\"4081\" style=\"\"><i class=\"pvc-stats-icon medium\" aria-hidden=\"true\"><svg aria-hidden=\"true\" focusable=\"false\" data-prefix=\"far\" data-icon=\"chart-bar\" role=\"img\" xmlns=\"http:\/\/www.w3.org\/2000\/svg\" viewBox=\"0 0 512 512\" class=\"svg-inline--fa fa-chart-bar fa-w-16 fa-2x\"><path fill=\"currentColor\" d=\"M396.8 352h22.4c6.4 0 12.8-6.4 12.8-12.8V108.8c0-6.4-6.4-12.8-12.8-12.8h-22.4c-6.4 0-12.8 6.4-12.8 12.8v230.4c0 6.4 6.4 12.8 12.8 12.8zm-192 0h22.4c6.4 0 12.8-6.4 12.8-12.8V140.8c0-6.4-6.4-12.8-12.8-12.8h-22.4c-6.4 0-12.8 6.4-12.8 12.8v198.4c0 6.4 6.4 12.8 12.8 12.8zm96 0h22.4c6.4 0 12.8-6.4 12.8-12.8V204.8c0-6.4-6.4-12.8-12.8-12.8h-22.4c-6.4 0-12.8 6.4-12.8 12.8v134.4c0 6.4 6.4 12.8 12.8 12.8zM496 400H48V80c0-8.84-7.16-16-16-16H16C7.16 64 0 71.16 0 80v336c0 17.67 14.33 32 32 32h464c8.84 0 16-7.16 16-16v-16c0-8.84-7.16-16-16-16zm-387.2-48h22.4c6.4 0 12.8-6.4 12.8-12.8v-70.4c0-6.4-6.4-12.8-12.8-12.8h-22.4c-6.4 0-12.8 6.4-12.8 12.8v70.4c0 6.4 6.4 12.8 12.8 12.8z\" class=\"\"><\/path><\/svg><\/i> <img decoding=\"async\" width=\"16\" height=\"16\" alt=\"Loading\" src=\"https:\/\/stop-vivisection.be\/wp-content\/plugins\/page-views-count\/ajax-loader-2x.gif\" border=0 \/><\/p>\n<div class=\"pvc_clear\"><\/div>\n","protected":false},"excerpt":{"rendered":"<p>Prolongez dans le temps l&rsquo;amour que vous portez aux animaux Chaque jour, S.E.A. agit pour faire reculer la souffrance des<\/p>\n<div class=\"pvc_clear\"><\/div>\n<p id=\"pvc_stats_4081\" class=\"pvc_stats all  \" data-element-id=\"4081\" style=\"\"><i class=\"pvc-stats-icon medium\" aria-hidden=\"true\"><svg aria-hidden=\"true\" focusable=\"false\" data-prefix=\"far\" data-icon=\"chart-bar\" role=\"img\" xmlns=\"http:\/\/www.w3.org\/2000\/svg\" viewBox=\"0 0 512 512\" class=\"svg-inline--fa fa-chart-bar fa-w-16 fa-2x\"><path fill=\"currentColor\" d=\"M396.8 352h22.4c6.4 0 12.8-6.4 12.8-12.8V108.8c0-6.4-6.4-12.8-12.8-12.8h-22.4c-6.4 0-12.8 6.4-12.8 12.8v230.4c0 6.4 6.4 12.8 12.8 12.8zm-192 0h22.4c6.4 0 12.8-6.4 12.8-12.8V140.8c0-6.4-6.4-12.8-12.8-12.8h-22.4c-6.4 0-12.8 6.4-12.8 12.8v198.4c0 6.4 6.4 12.8 12.8 12.8zm96 0h22.4c6.4 0 12.8-6.4 12.8-12.8V204.8c0-6.4-6.4-12.8-12.8-12.8h-22.4c-6.4 0-12.8 6.4-12.8 12.8v134.4c0 6.4 6.4 12.8 12.8 12.8zM496 400H48V80c0-8.84-7.16-16-16-16H16C7.16 64 0 71.16 0 80v336c0 17.67 14.33 32 32 32h464c8.84 0 16-7.16 16-16v-16c0-8.84-7.16-16-16-16zm-387.2-48h22.4c6.4 0 12.8-6.4 12.8-12.8v-70.4c0-6.4-6.4-12.8-12.8-12.8h-22.4c-6.4 0-12.8 6.4-12.8 12.8v70.4c0 6.4 6.4 12.8 12.8 12.8z\" class=\"\"><\/path><\/svg><\/i> <img decoding=\"async\" width=\"16\" height=\"16\" alt=\"Loading\" src=\"https:\/\/stop-vivisection.be\/wp-content\/plugins\/page-views-count\/ajax-loader-2x.gif\" border=0 \/><\/p>\n<div class=\"pvc_clear\"><\/div>\n","protected":false},"author":3,"featured_media":4085,"parent":0,"menu_order":0,"comment_status":"closed","ping_status":"closed","template":"","meta":{"colormag_page_container_layout":"default_layout","colormag_page_sidebar_layout":"default_layout","footnotes":""},"class_list":["post-4081","page","type-page","status-publish","has-post-thumbnail","hentry"],"_links":{"self":[{"href":"https:\/\/stop-vivisection.be\/index.php\/wp-json\/wp\/v2\/pages\/4081"}],"collection":[{"href":"https:\/\/stop-vivisection.be\/index.php\/wp-json\/wp\/v2\/pages"}],"about":[{"href":"https:\/\/stop-vivisection.be\/index.php\/wp-json\/wp\/v2\/types\/page"}],"author":[{"embeddable":true,"href":"https:\/\/stop-vivisection.be\/index.php\/wp-json\/wp\/v2\/users\/3"}],"replies":[{"embeddable":true,"href":"https:\/\/stop-vivisection.be\/index.php\/wp-json\/wp\/v2\/comments?post=4081"}],"version-history":[{"count":7,"href":"https:\/\/stop-vivisection.be\/index.php\/wp-json\/wp\/v2\/pages\/4081\/revisions"}],"predecessor-version":[{"id":4095,"href":"https:\/\/stop-vivisection.be\/index.php\/wp-json\/wp\/v2\/pages\/4081\/revisions\/4095"}],"wp:featuredmedia":[{"embeddable":true,"href":"https:\/\/stop-vivisection.be\/index.php\/wp-json\/wp\/v2\/media\/4085"}],"wp:attachment":[{"href":"https:\/\/stop-vivisection.be\/index.php\/wp-json\/wp\/v2\/media?parent=4081"}],"curies":[{"name":"wp","href":"https:\/\/api.w.org\/{rel}","templated":true}]}}